{"id":5479,"date":"2023-09-25T14:21:18","date_gmt":"2023-09-25T14:21:18","guid":{"rendered":"https:\/\/alaskaequipamentos.com\/?post_type=product&#038;p=5479"},"modified":"2023-09-25T14:21:18","modified_gmt":"2023-09-25T14:21:18","slug":"prp-242g4-forno-multiuso","status":"publish","type":"product","link":"https:\/\/alaskaequipamentos.com.br\/?product=prp-242g4-forno-multiuso","title":{"rendered":"PRP 242G4 Forno Multiuso"},"content":{"rendered":"<p>Informa\u00e7\u00f5es T\u00e9cnicas<br \/>\n&#8211; Modelo: PRP-242 G4<br \/>\n&#8211; Estrutura em chapa de a\u00e7o inoxid\u00e1vel<br \/>\n&#8211; Gaveta coletora de gordura<br \/>\n&#8211; Rod\u00edzios para facilitar o deslocamento<br \/>\n&#8211; Controle progressivo de aquecimento<br \/>\n&#8211; 7 Grelhas com capacidade de 70 kg<br \/>\n&#8211; Porta em vidro temperado<br \/>\n&#8211; Consumo m\u00e9dio de g\u00e1s por queimador: 180 g\/h<br \/>\n&#8211; Consumo m\u00e9dio de 0,36 \/ 0,28 kW\/h<br \/>\n&#8211; Peso: 90 kg<\/p>\n<p>Medidas Totais<br \/>\n&#8211; Altura: 165 cm<br \/>\n&#8211; Profundidade: 64 cm<br \/>\n&#8211; Profundidade: 80 cm<\/p>\n","protected":false},"excerpt":{"rendered":"<p>Informa\u00e7\u00f5es T\u00e9cnicas &#8211; Modelo: PRP-242 G4 &#8211; Estrutura em chapa de a\u00e7o inoxid\u00e1vel &#8211; Gaveta coletora de gordura &#8211; Rod\u00edzios para facilitar o deslocamento &#8211;&#8230;<\/p>\n","protected":false},"featured_media":5645,"comment_status":"open","ping_status":"closed","template":"","meta":[],"etheme_brands":[],"product_cat":[256,255],"product_tag":[],"class_list":{"0":"post-5479","1":"product","2":"type-product","3":"status-publish","4":"has-post-thumbnail","6":"product_cat-assador-de-frango","7":"product_cat-fogoes-fornos","9":"first","10":"instock","11":"sold-individually","12":"shipping-taxable","13":"product-type-simple"},"_links":{"self":[{"href":"https:\/\/alaskaequipamentos.com.br\/index.php?rest_route=\/wp\/v2\/product\/5479","targetHints":{"allow":["GET"]}}],"collection":[{"href":"https:\/\/alaskaequipamentos.com.br\/index.php?rest_route=\/wp\/v2\/product"}],"about":[{"href":"https:\/\/alaskaequipamentos.com.br\/index.php?rest_route=\/wp\/v2\/types\/product"}],"replies":[{"embeddable":true,"href":"https:\/\/alaskaequipamentos.com.br\/index.php?rest_route=%2Fwp%2Fv2%2Fcomments&post=5479"}],"version-history":[{"count":1,"href":"https:\/\/alaskaequipamentos.com.br\/index.php?rest_route=\/wp\/v2\/product\/5479\/revisions"}],"predecessor-version":[{"id":5481,"href":"https:\/\/alaskaequipamentos.com.br\/index.php?rest_route=\/wp\/v2\/product\/5479\/revisions\/5481"}],"wp:featuredmedia":[{"embeddable":true,"href":"https:\/\/alaskaequipamentos.com.br\/index.php?rest_route=\/wp\/v2\/media\/5645"}],"wp:attachment":[{"href":"https:\/\/alaskaequipamentos.com.br\/index.php?rest_route=%2Fwp%2Fv2%2Fmedia&parent=5479"}],"wp:term":[{"taxonomy":"brand","embeddable":true,"href":"https:\/\/alaskaequipamentos.com.br\/index.php?rest_route=%2Fwp%2Fv2%2Fetheme_brands&post=5479"},{"taxonomy":"product_cat","embeddable":true,"href":"https:\/\/alaskaequipamentos.com.br\/index.php?rest_route=%2Fwp%2Fv2%2Fproduct_cat&post=5479"},{"taxonomy":"product_tag","embeddable":true,"href":"https:\/\/alaskaequipamentos.com.br\/index.php?rest_route=%2Fwp%2Fv2%2Fproduct_tag&post=5479"}],"curies":[{"name":"wp","href":"https:\/\/api.w.org\/{rel}","templated":true}]}}