{"id":4792,"date":"2023-06-06T03:14:40","date_gmt":"2023-06-06T03:14:40","guid":{"rendered":"https:\/\/alaskaequipamentos.com\/?post_type=product&#038;p=4792"},"modified":"2023-09-25T14:08:29","modified_gmt":"2023-09-25T14:08:29","slug":"check-out-180-metalico-leve-c-kit","status":"publish","type":"product","link":"https:\/\/alaskaequipamentos.com.br\/?product=check-out-180-metalico-leve-c-kit","title":{"rendered":"Check-out 1,80 met\u00e1lico leve c kit"},"content":{"rendered":"<p>DESCRI\u00c7\u00c3O<\/p>\n<p>Checkout Leve INNAL.<\/p>\n<p>Atende a NR17 do MTE que regulariza o trabalho dos operadores se check-out.<\/p>\n<p>Incluso Kit automa\u00e7\u00e3o.<\/p>\n<p>Op\u00e7\u00e3o com furo para balan\u00e7a.<\/p>\n<p>1,30m formato em &#8220;L&#8221;<\/p>\n<p>1,50m 1,80m e 2,00m formato em &#8220;U&#8221;<\/p>\n<p>CARACTER\u00cdSTICAS<br \/>\nTampo: Inox AISI 430 0,50mm. ( Reto ).<br \/>\nEstrutura: Met\u00e1lica em chapa 0,90mm e 0,45mm.<br \/>\nPintura: Ep\u00f3xi p\u00f3.<br \/>\nGaveta: Manual sem pino impuls\u00e3o, com porta c\u00e9dulas.<br \/>\nP\u00e9s: Regul\u00e1veis para nivelamento com o piso.<br \/>\nPara Choque: A prova de impacto na cor cinza.<br \/>\nTamanhos: Comprimento (1.30m, 1.50m, 1.80m, 2.00m).<br \/>\nAltura: 0,90m.<\/p>\n","protected":false},"excerpt":{"rendered":"<p>DESCRI\u00c7\u00c3O Checkout Leve INNAL. Atende a NR17 do MTE que regulariza o trabalho dos operadores se check-out. Incluso Kit automa\u00e7\u00e3o. Op\u00e7\u00e3o com furo para balan\u00e7a&#8230;.<\/p>\n","protected":false},"featured_media":5204,"comment_status":"open","ping_status":"closed","template":"","meta":[],"etheme_brands":[],"product_cat":[194,201],"product_tag":[],"class_list":{"0":"post-4792","1":"product","2":"type-product","3":"status-publish","4":"has-post-thumbnail","6":"product_cat-balcoes","7":"product_cat-check-out","9":"first","10":"instock","11":"sold-individually","12":"shipping-taxable","13":"purchasable","14":"product-type-simple"},"_links":{"self":[{"href":"https:\/\/alaskaequipamentos.com.br\/index.php?rest_route=\/wp\/v2\/product\/4792","targetHints":{"allow":["GET"]}}],"collection":[{"href":"https:\/\/alaskaequipamentos.com.br\/index.php?rest_route=\/wp\/v2\/product"}],"about":[{"href":"https:\/\/alaskaequipamentos.com.br\/index.php?rest_route=\/wp\/v2\/types\/product"}],"replies":[{"embeddable":true,"href":"https:\/\/alaskaequipamentos.com.br\/index.php?rest_route=%2Fwp%2Fv2%2Fcomments&post=4792"}],"version-history":[{"count":1,"href":"https:\/\/alaskaequipamentos.com.br\/index.php?rest_route=\/wp\/v2\/product\/4792\/revisions"}],"predecessor-version":[{"id":4820,"href":"https:\/\/alaskaequipamentos.com.br\/index.php?rest_route=\/wp\/v2\/product\/4792\/revisions\/4820"}],"wp:featuredmedia":[{"embeddable":true,"href":"https:\/\/alaskaequipamentos.com.br\/index.php?rest_route=\/wp\/v2\/media\/5204"}],"wp:attachment":[{"href":"https:\/\/alaskaequipamentos.com.br\/index.php?rest_route=%2Fwp%2Fv2%2Fmedia&parent=4792"}],"wp:term":[{"taxonomy":"brand","embeddable":true,"href":"https:\/\/alaskaequipamentos.com.br\/index.php?rest_route=%2Fwp%2Fv2%2Fetheme_brands&post=4792"},{"taxonomy":"product_cat","embeddable":true,"href":"https:\/\/alaskaequipamentos.com.br\/index.php?rest_route=%2Fwp%2Fv2%2Fproduct_cat&post=4792"},{"taxonomy":"product_tag","embeddable":true,"href":"https:\/\/alaskaequipamentos.com.br\/index.php?rest_route=%2Fwp%2Fv2%2Fproduct_tag&post=4792"}],"curies":[{"name":"wp","href":"https:\/\/api.w.org\/{rel}","templated":true}]}}