{"id":4789,"date":"2023-06-06T03:14:38","date_gmt":"2023-06-06T03:14:38","guid":{"rendered":"https:\/\/alaskaequipamentos.com\/?post_type=product&#038;p=4789"},"modified":"2023-09-25T14:01:33","modified_gmt":"2023-09-25T14:01:33","slug":"balcao-refrig-encosto-inox-200-220v","status":"publish","type":"product","link":"https:\/\/alaskaequipamentos.com.br\/?product=balcao-refrig-encosto-inox-200-220v","title":{"rendered":"Balcao refrig.encosto inox  2,00 220v"},"content":{"rendered":"<p>Largura 1,963 m<br \/>\nAltura 88 cm<br \/>\nProfundidade 61 cm<br \/>\nDescri\u00e7\u00e3o:<br \/>\nEstrutura: Dois n\u00edveis aramados<br \/>\nGabinete: Externo em a\u00e7o inox escovado e interno em galvanizado<br \/>\nPortas: Frontais de abrir em a\u00e7o inox com poliuretano injetado e gaxeta magn\u00e9tica<br \/>\nP\u00e9s: Regul\u00e1veis<\/p>\n<p>Refrigera\u00e7\u00e3o:<\/p>\n<p>&#8211; Temperatura m\u00e9dia de funcionamento 0\u00baC a +5\u00baC<\/p>\n<p>&#8211; Ar for\u00e7ado com placa fria.<\/p>\n<p>&#8211; Controlador digital com degelo autom\u00e1tico.<\/p>\n<p>Volume (L) 520<br \/>\nTens\u00e3o (V) 127\/220<br \/>\nConsumo (kw) dia 3,1<br \/>\nPeso (kg) 128<\/p>\n","protected":false},"excerpt":{"rendered":"<p>Largura 1,963 m Altura 88 cm Profundidade 61 cm Descri\u00e7\u00e3o: Estrutura: Dois n\u00edveis aramados Gabinete: Externo em a\u00e7o inox escovado e interno em galvanizado Portas:&#8230;<\/p>\n","protected":false},"featured_media":5182,"comment_status":"open","ping_status":"closed","template":"","meta":[],"etheme_brands":[],"product_cat":[194,200],"product_tag":[],"class_list":{"0":"post-4789","1":"product","2":"type-product","3":"status-publish","4":"has-post-thumbnail","6":"product_cat-balcoes","7":"product_cat-balcoes-de-bebidas-e-laticinios","9":"first","10":"instock","11":"sold-individually","12":"shipping-taxable","13":"purchasable","14":"product-type-simple"},"_links":{"self":[{"href":"https:\/\/alaskaequipamentos.com.br\/index.php?rest_route=\/wp\/v2\/product\/4789","targetHints":{"allow":["GET"]}}],"collection":[{"href":"https:\/\/alaskaequipamentos.com.br\/index.php?rest_route=\/wp\/v2\/product"}],"about":[{"href":"https:\/\/alaskaequipamentos.com.br\/index.php?rest_route=\/wp\/v2\/types\/product"}],"replies":[{"embeddable":true,"href":"https:\/\/alaskaequipamentos.com.br\/index.php?rest_route=%2Fwp%2Fv2%2Fcomments&post=4789"}],"version-history":[{"count":3,"href":"https:\/\/alaskaequipamentos.com.br\/index.php?rest_route=\/wp\/v2\/product\/4789\/revisions"}],"predecessor-version":[{"id":5184,"href":"https:\/\/alaskaequipamentos.com.br\/index.php?rest_route=\/wp\/v2\/product\/4789\/revisions\/5184"}],"wp:featuredmedia":[{"embeddable":true,"href":"https:\/\/alaskaequipamentos.com.br\/index.php?rest_route=\/wp\/v2\/media\/5182"}],"wp:attachment":[{"href":"https:\/\/alaskaequipamentos.com.br\/index.php?rest_route=%2Fwp%2Fv2%2Fmedia&parent=4789"}],"wp:term":[{"taxonomy":"brand","embeddable":true,"href":"https:\/\/alaskaequipamentos.com.br\/index.php?rest_route=%2Fwp%2Fv2%2Fetheme_brands&post=4789"},{"taxonomy":"product_cat","embeddable":true,"href":"https:\/\/alaskaequipamentos.com.br\/index.php?rest_route=%2Fwp%2Fv2%2Fproduct_cat&post=4789"},{"taxonomy":"product_tag","embeddable":true,"href":"https:\/\/alaskaequipamentos.com.br\/index.php?rest_route=%2Fwp%2Fv2%2Fproduct_tag&post=4789"}],"curies":[{"name":"wp","href":"https:\/\/api.w.org\/{rel}","templated":true}]}}