{"id":4788,"date":"2023-06-06T03:14:37","date_gmt":"2023-06-06T03:14:37","guid":{"rendered":"https:\/\/alaskaequipamentos.com\/?post_type=product&#038;p=4788"},"modified":"2023-09-25T14:01:41","modified_gmt":"2023-09-25T14:01:41","slug":"balcao-refrig-encosto-inox-200-127v","status":"publish","type":"product","link":"https:\/\/alaskaequipamentos.com.br\/?product=balcao-refrig-encosto-inox-200-127v","title":{"rendered":"Balcao refrig.encosto inox  2,00 127v"},"content":{"rendered":"<p>Descri\u00e7\u00e3o:<\/p>\n<p>Estrutura: Dois n\u00edveis aramados<\/p>\n<p>Gabinete: Externo em a\u00e7o inox escovado e interno em galvanizado<\/p>\n<p>Portas: Frontais de abrir em a\u00e7o inox com poliuretano injetado e gaxeta magn\u00e9tica<\/p>\n<p>P\u00e9s: Regul\u00e1veis<\/p>\n<p>Volume: 520 Litros<\/p>\n<p>Temperatura: 0 a 5\u00baC<\/p>\n<p>Voltagem: 127v<\/p>\n<p>Consumo: 3,1 Kw(Dia)<\/p>\n<p>Medidas:<\/p>\n<p>Altura(cm) 88<\/p>\n<p>Largura(cm) 61<\/p>\n<p>Comprimento(cm) 196,3<\/p>\n<p>Peso(kg) 128<\/p>\n","protected":false},"excerpt":{"rendered":"<p>Descri\u00e7\u00e3o: Estrutura: Dois n\u00edveis aramados Gabinete: Externo em a\u00e7o inox escovado e interno em galvanizado Portas: Frontais de abrir em a\u00e7o inox com poliuretano injetado&#8230;<\/p>\n","protected":false},"featured_media":5181,"comment_status":"open","ping_status":"closed","template":"","meta":[],"etheme_brands":[],"product_cat":[194,200],"product_tag":[],"class_list":{"0":"post-4788","1":"product","2":"type-product","3":"status-publish","4":"has-post-thumbnail","6":"product_cat-balcoes","7":"product_cat-balcoes-de-bebidas-e-laticinios","9":"first","10":"instock","11":"sold-individually","12":"shipping-taxable","13":"purchasable","14":"product-type-simple"},"_links":{"self":[{"href":"https:\/\/alaskaequipamentos.com.br\/index.php?rest_route=\/wp\/v2\/product\/4788","targetHints":{"allow":["GET"]}}],"collection":[{"href":"https:\/\/alaskaequipamentos.com.br\/index.php?rest_route=\/wp\/v2\/product"}],"about":[{"href":"https:\/\/alaskaequipamentos.com.br\/index.php?rest_route=\/wp\/v2\/types\/product"}],"replies":[{"embeddable":true,"href":"https:\/\/alaskaequipamentos.com.br\/index.php?rest_route=%2Fwp%2Fv2%2Fcomments&post=4788"}],"version-history":[{"count":1,"href":"https:\/\/alaskaequipamentos.com.br\/index.php?rest_route=\/wp\/v2\/product\/4788\/revisions"}],"predecessor-version":[{"id":4816,"href":"https:\/\/alaskaequipamentos.com.br\/index.php?rest_route=\/wp\/v2\/product\/4788\/revisions\/4816"}],"wp:featuredmedia":[{"embeddable":true,"href":"https:\/\/alaskaequipamentos.com.br\/index.php?rest_route=\/wp\/v2\/media\/5181"}],"wp:attachment":[{"href":"https:\/\/alaskaequipamentos.com.br\/index.php?rest_route=%2Fwp%2Fv2%2Fmedia&parent=4788"}],"wp:term":[{"taxonomy":"brand","embeddable":true,"href":"https:\/\/alaskaequipamentos.com.br\/index.php?rest_route=%2Fwp%2Fv2%2Fetheme_brands&post=4788"},{"taxonomy":"product_cat","embeddable":true,"href":"https:\/\/alaskaequipamentos.com.br\/index.php?rest_route=%2Fwp%2Fv2%2Fproduct_cat&post=4788"},{"taxonomy":"product_tag","embeddable":true,"href":"https:\/\/alaskaequipamentos.com.br\/index.php?rest_route=%2Fwp%2Fv2%2Fproduct_tag&post=4788"}],"curies":[{"name":"wp","href":"https:\/\/api.w.org\/{rel}","templated":true}]}}