{"id":4787,"date":"2023-06-06T03:14:36","date_gmt":"2023-06-06T03:14:36","guid":{"rendered":"https:\/\/alaskaequipamentos.com\/?post_type=product&#038;p=4787"},"modified":"2023-09-25T14:01:51","modified_gmt":"2023-09-25T14:01:51","slug":"balcao-refrig-175m-2p-pt-220v-platinum","status":"publish","type":"product","link":"https:\/\/alaskaequipamentos.com.br\/?product=balcao-refrig-175m-2p-pt-220v-platinum","title":{"rendered":"Balcao refrig 1,75m 2p pt 220v platinum"},"content":{"rendered":"<p>Ilumina\u00e7\u00e3o de Led;<br \/>\nProte\u00e7\u00e3o UV: Lateral Rotomoldada com Poliuretano Injetado;<br \/>\nEst\u00e1tica; Placa fria;<br \/>\nTemperatura: +4\u00ba a +10\u00b0C;<br \/>\nTermostato Regul\u00e1vel;<\/p>\n","protected":false},"excerpt":{"rendered":"<p>Ilumina\u00e7\u00e3o de Led; Prote\u00e7\u00e3o UV: Lateral Rotomoldada com Poliuretano Injetado; Est\u00e1tica; Placa fria; Temperatura: +4\u00ba a +10\u00b0C; Termostato Regul\u00e1vel;<\/p>\n","protected":false},"featured_media":5178,"comment_status":"open","ping_status":"closed","template":"","meta":[],"etheme_brands":[],"product_cat":[194,200],"product_tag":[],"class_list":{"0":"post-4787","1":"product","2":"type-product","3":"status-publish","4":"has-post-thumbnail","6":"product_cat-balcoes","7":"product_cat-balcoes-de-bebidas-e-laticinios","9":"first","10":"instock","11":"sold-individually","12":"shipping-taxable","13":"purchasable","14":"product-type-simple"},"_links":{"self":[{"href":"https:\/\/alaskaequipamentos.com.br\/index.php?rest_route=\/wp\/v2\/product\/4787","targetHints":{"allow":["GET"]}}],"collection":[{"href":"https:\/\/alaskaequipamentos.com.br\/index.php?rest_route=\/wp\/v2\/product"}],"about":[{"href":"https:\/\/alaskaequipamentos.com.br\/index.php?rest_route=\/wp\/v2\/types\/product"}],"replies":[{"embeddable":true,"href":"https:\/\/alaskaequipamentos.com.br\/index.php?rest_route=%2Fwp%2Fv2%2Fcomments&post=4787"}],"version-history":[{"count":1,"href":"https:\/\/alaskaequipamentos.com.br\/index.php?rest_route=\/wp\/v2\/product\/4787\/revisions"}],"predecessor-version":[{"id":4815,"href":"https:\/\/alaskaequipamentos.com.br\/index.php?rest_route=\/wp\/v2\/product\/4787\/revisions\/4815"}],"wp:featuredmedia":[{"embeddable":true,"href":"https:\/\/alaskaequipamentos.com.br\/index.php?rest_route=\/wp\/v2\/media\/5178"}],"wp:attachment":[{"href":"https:\/\/alaskaequipamentos.com.br\/index.php?rest_route=%2Fwp%2Fv2%2Fmedia&parent=4787"}],"wp:term":[{"taxonomy":"brand","embeddable":true,"href":"https:\/\/alaskaequipamentos.com.br\/index.php?rest_route=%2Fwp%2Fv2%2Fetheme_brands&post=4787"},{"taxonomy":"product_cat","embeddable":true,"href":"https:\/\/alaskaequipamentos.com.br\/index.php?rest_route=%2Fwp%2Fv2%2Fproduct_cat&post=4787"},{"taxonomy":"product_tag","embeddable":true,"href":"https:\/\/alaskaequipamentos.com.br\/index.php?rest_route=%2Fwp%2Fv2%2Fproduct_tag&post=4787"}],"curies":[{"name":"wp","href":"https:\/\/api.w.org\/{rel}","templated":true}]}}