{"id":4786,"date":"2023-06-06T03:14:35","date_gmt":"2023-06-06T03:14:35","guid":{"rendered":"https:\/\/alaskaequipamentos.com\/?post_type=product&#038;p=4786"},"modified":"2023-09-25T14:02:37","modified_gmt":"2023-09-25T14:02:37","slug":"balcao-refrig-175m-1p-pt-platinum-220v","status":"publish","type":"product","link":"https:\/\/alaskaequipamentos.com.br\/?product=balcao-refrig-175m-1p-pt-platinum-220v","title":{"rendered":"Balcao refrig 1,75m 1p pt platinum 220v"},"content":{"rendered":"<p>Tampo: A\u00e7o inox escovado e vidro<br \/>\nFaixa Inferior: A\u00e7o inox escovado<br \/>\nVidro frontal: Frontal Semi Curvo temperado, sujeitos a condensa\u00e7\u00e3o<br \/>\nLaterais: Rotomoldada com poliuretano Injetado (Prote\u00e7\u00e3o U.V)<br \/>\nTamanho: 1770x645x1120mm (LxPxA)<br \/>\nVolume: 576L<br \/>\nConsumo: 3,2 (Kw) dia<\/p>\n","protected":false},"excerpt":{"rendered":"<p>Tampo: A\u00e7o inox escovado e vidro Faixa Inferior: A\u00e7o inox escovado Vidro frontal: Frontal Semi Curvo temperado, sujeitos a condensa\u00e7\u00e3o Laterais: Rotomoldada com poliuretano Injetado&#8230;<\/p>\n","protected":false},"featured_media":5178,"comment_status":"open","ping_status":"closed","template":"","meta":[],"etheme_brands":[],"product_cat":[194,200],"product_tag":[],"class_list":{"0":"post-4786","1":"product","2":"type-product","3":"status-publish","4":"has-post-thumbnail","6":"product_cat-balcoes","7":"product_cat-balcoes-de-bebidas-e-laticinios","9":"first","10":"instock","11":"sold-individually","12":"shipping-taxable","13":"purchasable","14":"product-type-simple"},"_links":{"self":[{"href":"https:\/\/alaskaequipamentos.com.br\/index.php?rest_route=\/wp\/v2\/product\/4786","targetHints":{"allow":["GET"]}}],"collection":[{"href":"https:\/\/alaskaequipamentos.com.br\/index.php?rest_route=\/wp\/v2\/product"}],"about":[{"href":"https:\/\/alaskaequipamentos.com.br\/index.php?rest_route=\/wp\/v2\/types\/product"}],"replies":[{"embeddable":true,"href":"https:\/\/alaskaequipamentos.com.br\/index.php?rest_route=%2Fwp%2Fv2%2Fcomments&post=4786"}],"version-history":[{"count":1,"href":"https:\/\/alaskaequipamentos.com.br\/index.php?rest_route=\/wp\/v2\/product\/4786\/revisions"}],"predecessor-version":[{"id":4814,"href":"https:\/\/alaskaequipamentos.com.br\/index.php?rest_route=\/wp\/v2\/product\/4786\/revisions\/4814"}],"wp:featuredmedia":[{"embeddable":true,"href":"https:\/\/alaskaequipamentos.com.br\/index.php?rest_route=\/wp\/v2\/media\/5178"}],"wp:attachment":[{"href":"https:\/\/alaskaequipamentos.com.br\/index.php?rest_route=%2Fwp%2Fv2%2Fmedia&parent=4786"}],"wp:term":[{"taxonomy":"brand","embeddable":true,"href":"https:\/\/alaskaequipamentos.com.br\/index.php?rest_route=%2Fwp%2Fv2%2Fetheme_brands&post=4786"},{"taxonomy":"product_cat","embeddable":true,"href":"https:\/\/alaskaequipamentos.com.br\/index.php?rest_route=%2Fwp%2Fv2%2Fproduct_cat&post=4786"},{"taxonomy":"product_tag","embeddable":true,"href":"https:\/\/alaskaequipamentos.com.br\/index.php?rest_route=%2Fwp%2Fv2%2Fproduct_tag&post=4786"}],"curies":[{"name":"wp","href":"https:\/\/api.w.org\/{rel}","templated":true}]}}