{"id":4784,"date":"2023-06-06T03:14:33","date_gmt":"2023-06-06T03:14:33","guid":{"rendered":"https:\/\/alaskaequipamentos.com\/?post_type=product&#038;p=4784"},"modified":"2023-10-16T04:43:35","modified_gmt":"2023-10-16T04:43:35","slug":"balcao-refrig-125m-1p-pt-platinum-127v","status":"publish","type":"product","link":"https:\/\/alaskaequipamentos.com.br\/?product=balcao-refrig-125m-1p-pt-platinum-127v","title":{"rendered":"Balcao refrig 1,25m 1p pt platinum 127v"},"content":{"rendered":"<p>ILUMINA\u00c7\u00c3O DE LED;<br \/>\nPROTE\u00c7\u00c3O UV: LATERAL ROTOMOLDADA COM POLIURETANO INJETADO;<br \/>\nEST\u00c1TICA: PLACA FRIA;<br \/>\nTEMPERATURA: +4\u00ba A +10\u00b0C;<br \/>\nTERMOSTATO REGUL\u00c1VEL;<br \/>\nOPCIONAL; UMA PLACA FRIA.<br \/>\nDESCRI\u00c7\u00c3O T\u00c9CNICA<br \/>\nFRENTE (MM) : 1250<br \/>\nLATERAL (MM) : 645<br \/>\nALTURA (MM) : 1120<br \/>\nVOLUME (L) : 400<br \/>\nTENS\u00c3O : 127V OU 220V<br \/>\nCONSUMO : 1 PLACA \u0096 3 \/ 2 PLACAS \u0096 3,2<br \/>\nPESO (KG) : 67<\/p>\n","protected":false},"excerpt":{"rendered":"<p>ILUMINA\u00c7\u00c3O DE LED; PROTE\u00c7\u00c3O UV: LATERAL ROTOMOLDADA COM POLIURETANO INJETADO; EST\u00c1TICA: PLACA FRIA; TEMPERATURA: +4\u00ba A +10\u00b0C; TERMOSTATO REGUL\u00c1VEL; OPCIONAL; UMA PLACA FRIA. DESCRI\u00c7\u00c3O T\u00c9CNICA&#8230;<\/p>\n","protected":false},"featured_media":5646,"comment_status":"open","ping_status":"closed","template":"","meta":[],"etheme_brands":[],"product_cat":[194],"product_tag":[],"class_list":{"0":"post-4784","1":"product","2":"type-product","3":"status-publish","4":"has-post-thumbnail","6":"product_cat-balcoes","8":"first","9":"instock","10":"sold-individually","11":"shipping-taxable","12":"purchasable","13":"product-type-simple"},"_links":{"self":[{"href":"https:\/\/alaskaequipamentos.com.br\/index.php?rest_route=\/wp\/v2\/product\/4784","targetHints":{"allow":["GET"]}}],"collection":[{"href":"https:\/\/alaskaequipamentos.com.br\/index.php?rest_route=\/wp\/v2\/product"}],"about":[{"href":"https:\/\/alaskaequipamentos.com.br\/index.php?rest_route=\/wp\/v2\/types\/product"}],"replies":[{"embeddable":true,"href":"https:\/\/alaskaequipamentos.com.br\/index.php?rest_route=%2Fwp%2Fv2%2Fcomments&post=4784"}],"version-history":[{"count":2,"href":"https:\/\/alaskaequipamentos.com.br\/index.php?rest_route=\/wp\/v2\/product\/4784\/revisions"}],"predecessor-version":[{"id":5172,"href":"https:\/\/alaskaequipamentos.com.br\/index.php?rest_route=\/wp\/v2\/product\/4784\/revisions\/5172"}],"wp:featuredmedia":[{"embeddable":true,"href":"https:\/\/alaskaequipamentos.com.br\/index.php?rest_route=\/wp\/v2\/media\/5646"}],"wp:attachment":[{"href":"https:\/\/alaskaequipamentos.com.br\/index.php?rest_route=%2Fwp%2Fv2%2Fmedia&parent=4784"}],"wp:term":[{"taxonomy":"brand","embeddable":true,"href":"https:\/\/alaskaequipamentos.com.br\/index.php?rest_route=%2Fwp%2Fv2%2Fetheme_brands&post=4784"},{"taxonomy":"product_cat","embeddable":true,"href":"https:\/\/alaskaequipamentos.com.br\/index.php?rest_route=%2Fwp%2Fv2%2Fproduct_cat&post=4784"},{"taxonomy":"product_tag","embeddable":true,"href":"https:\/\/alaskaequipamentos.com.br\/index.php?rest_route=%2Fwp%2Fv2%2Fproduct_tag&post=4784"}],"curies":[{"name":"wp","href":"https:\/\/api.w.org\/{rel}","templated":true}]}}