{"id":4762,"date":"2023-06-06T03:14:09","date_gmt":"2023-06-06T03:14:09","guid":{"rendered":"https:\/\/alaskaequipamentos.com\/?post_type=product&#038;p=4762"},"modified":"2023-10-16T04:49:09","modified_gmt":"2023-10-16T04:49:09","slug":"vitrine-refrig-confeit-p-torta-pt-platinum-127v","status":"publish","type":"product","link":"https:\/\/alaskaequipamentos.com.br\/?product=vitrine-refrig-confeit-p-torta-pt-platinum-127v","title":{"rendered":"Vitrine refrig confeit p torta pt platinum 127v"},"content":{"rendered":"<p>Descri\u00e7\u00e3o:<\/p>\n<p>Estrutura: Dois n\u00edveis aramados<\/p>\n<p>Portas: Traseiras De abrir com gaxeta magn\u00e9tica<\/p>\n<p>Tampo: Kromanox e vidro<\/p>\n<p>Faixa Inferior: Kromanox<\/p>\n<p>Vidro frontal: Frontal reto temperado com serigrafia, sujeitos a condensa\u00e7\u00e3o<\/p>\n<p>Laterais: Rotomoldada com poliuretano Injetado (Prote\u00e7\u00e3o U.V)<\/p>\n<p>P\u00e9s: Regul\u00e1veis<\/p>\n<p>Volume: 545 Litros<\/p>\n<p>Tens\u00e3o: 127v<\/p>\n<p>Consumo: 4 KW\/dia<\/p>\n<p>Temperatura: +6 a + 12\u00baC<\/p>\n<p>Medidas:<\/p>\n<p>Frente(cm) 177<\/p>\n<p>Lateral(cm) 64,5<\/p>\n<p>Altura(cm) 112<\/p>\n<p>Peso(Kg) 85<\/p>\n","protected":false},"excerpt":{"rendered":"<p>Descri\u00e7\u00e3o: Estrutura: Dois n\u00edveis aramados Portas: Traseiras De abrir com gaxeta magn\u00e9tica Tampo: Kromanox e vidro Faixa Inferior: Kromanox Vidro frontal: Frontal reto temperado com&#8230;<\/p>\n","protected":false},"featured_media":5646,"comment_status":"open","ping_status":"closed","template":"","meta":[],"etheme_brands":[],"product_cat":[199,194],"product_tag":[],"class_list":{"0":"post-4762","1":"product","2":"type-product","3":"status-publish","4":"has-post-thumbnail","6":"product_cat-balcao-de-torta","7":"product_cat-balcoes","9":"first","10":"instock","11":"sold-individually","12":"shipping-taxable","13":"purchasable","14":"product-type-simple"},"_links":{"self":[{"href":"https:\/\/alaskaequipamentos.com.br\/index.php?rest_route=\/wp\/v2\/product\/4762","targetHints":{"allow":["GET"]}}],"collection":[{"href":"https:\/\/alaskaequipamentos.com.br\/index.php?rest_route=\/wp\/v2\/product"}],"about":[{"href":"https:\/\/alaskaequipamentos.com.br\/index.php?rest_route=\/wp\/v2\/types\/product"}],"replies":[{"embeddable":true,"href":"https:\/\/alaskaequipamentos.com.br\/index.php?rest_route=%2Fwp%2Fv2%2Fcomments&post=4762"}],"version-history":[{"count":3,"href":"https:\/\/alaskaequipamentos.com.br\/index.php?rest_route=\/wp\/v2\/product\/4762\/revisions"}],"predecessor-version":[{"id":5650,"href":"https:\/\/alaskaequipamentos.com.br\/index.php?rest_route=\/wp\/v2\/product\/4762\/revisions\/5650"}],"wp:featuredmedia":[{"embeddable":true,"href":"https:\/\/alaskaequipamentos.com.br\/index.php?rest_route=\/wp\/v2\/media\/5646"}],"wp:attachment":[{"href":"https:\/\/alaskaequipamentos.com.br\/index.php?rest_route=%2Fwp%2Fv2%2Fmedia&parent=4762"}],"wp:term":[{"taxonomy":"brand","embeddable":true,"href":"https:\/\/alaskaequipamentos.com.br\/index.php?rest_route=%2Fwp%2Fv2%2Fetheme_brands&post=4762"},{"taxonomy":"product_cat","embeddable":true,"href":"https:\/\/alaskaequipamentos.com.br\/index.php?rest_route=%2Fwp%2Fv2%2Fproduct_cat&post=4762"},{"taxonomy":"product_tag","embeddable":true,"href":"https:\/\/alaskaequipamentos.com.br\/index.php?rest_route=%2Fwp%2Fv2%2Fproduct_tag&post=4762"}],"curies":[{"name":"wp","href":"https:\/\/api.w.org\/{rel}","templated":true}]}}