{"id":4756,"date":"2023-06-06T03:14:04","date_gmt":"2023-06-06T03:14:04","guid":{"rendered":"https:\/\/alaskaequipamentos.com\/?post_type=product&#038;p=4756"},"modified":"2023-09-04T12:52:44","modified_gmt":"2023-09-04T12:52:44","slug":"bvt-vitrine-vidro-reto-pop-160-black","status":"publish","type":"product","link":"https:\/\/alaskaequipamentos.com.br\/?product=bvt-vitrine-vidro-reto-pop-160-black","title":{"rendered":"Bvt vitrine vidro reto pop 160 black"},"content":{"rendered":"<p>Material de Fabrica\u00e7\u00e3oGabinete: MDP\/MDF 15mm;<br \/>\nInterno: MDP\/MDF 15mm;<br \/>\nPrateleiras: MDP\/MDF 15mm;<br \/>\nPortas: MDP\/MDF 15mm;<br \/>\nMedidas do ProdutoAltura: 107 cm<br \/>\nLargura: 56 cm<br \/>\nComprimento: 1,60m<br \/>\nINFORMA\u00c7\u00d5ES T\u00c9CNICASP\u00e9s regul\u00e1veis<br \/>\nQuantidade de portas: 2 portas<br \/>\nQuantidade de vidros: 1 vidro frontal plano<br \/>\nQuantidade de prateleiras: 2 prateleiras<br \/>\nCapacidade: 10kg por pratileira<\/p>\n","protected":false},"excerpt":{"rendered":"<p>Material de Fabrica\u00e7\u00e3oGabinete: MDP\/MDF 15mm; Interno: MDP\/MDF 15mm; Prateleiras: MDP\/MDF 15mm; Portas: MDP\/MDF 15mm; Medidas do ProdutoAltura: 107 cm Largura: 56 cm Comprimento: 1,60m INFORMA\u00c7\u00d5ES&#8230;<\/p>\n","protected":false},"featured_media":3609,"comment_status":"open","ping_status":"closed","template":"","meta":[],"etheme_brands":[],"product_cat":[194],"product_tag":[],"class_list":{"0":"post-4756","1":"product","2":"type-product","3":"status-publish","4":"has-post-thumbnail","6":"product_cat-balcoes","8":"first","9":"instock","10":"sold-individually","11":"shipping-taxable","12":"purchasable","13":"product-type-simple"},"_links":{"self":[{"href":"https:\/\/alaskaequipamentos.com.br\/index.php?rest_route=\/wp\/v2\/product\/4756","targetHints":{"allow":["GET"]}}],"collection":[{"href":"https:\/\/alaskaequipamentos.com.br\/index.php?rest_route=\/wp\/v2\/product"}],"about":[{"href":"https:\/\/alaskaequipamentos.com.br\/index.php?rest_route=\/wp\/v2\/types\/product"}],"replies":[{"embeddable":true,"href":"https:\/\/alaskaequipamentos.com.br\/index.php?rest_route=%2Fwp%2Fv2%2Fcomments&post=4756"}],"version-history":[{"count":1,"href":"https:\/\/alaskaequipamentos.com.br\/index.php?rest_route=\/wp\/v2\/product\/4756\/revisions"}],"predecessor-version":[{"id":4804,"href":"https:\/\/alaskaequipamentos.com.br\/index.php?rest_route=\/wp\/v2\/product\/4756\/revisions\/4804"}],"wp:featuredmedia":[{"embeddable":true,"href":"https:\/\/alaskaequipamentos.com.br\/index.php?rest_route=\/wp\/v2\/media\/3609"}],"wp:attachment":[{"href":"https:\/\/alaskaequipamentos.com.br\/index.php?rest_route=%2Fwp%2Fv2%2Fmedia&parent=4756"}],"wp:term":[{"taxonomy":"brand","embeddable":true,"href":"https:\/\/alaskaequipamentos.com.br\/index.php?rest_route=%2Fwp%2Fv2%2Fetheme_brands&post=4756"},{"taxonomy":"product_cat","embeddable":true,"href":"https:\/\/alaskaequipamentos.com.br\/index.php?rest_route=%2Fwp%2Fv2%2Fproduct_cat&post=4756"},{"taxonomy":"product_tag","embeddable":true,"href":"https:\/\/alaskaequipamentos.com.br\/index.php?rest_route=%2Fwp%2Fv2%2Fproduct_tag&post=4756"}],"curies":[{"name":"wp","href":"https:\/\/api.w.org\/{rel}","templated":true}]}}