{"id":4753,"date":"2023-06-06T03:14:01","date_gmt":"2023-06-06T03:14:01","guid":{"rendered":"https:\/\/alaskaequipamentos.com\/?post_type=product&#038;p=4753"},"modified":"2023-10-16T13:48:52","modified_gmt":"2023-10-16T13:48:52","slug":"bvt-vitrine-vidro-reto-pop-120","status":"publish","type":"product","link":"https:\/\/alaskaequipamentos.com.br\/?product=bvt-vitrine-vidro-reto-pop-120","title":{"rendered":"Vitrine BVT vidro reto pop 120"},"content":{"rendered":"<p>Material de Fabrica\u00e7\u00e3o<\/p>\n<p>Gabinete: MDP\/MDF 15mm;<\/p>\n<p>Interno: MDP\/MDF 15mm;<\/p>\n<p>Prateleiras: MDP\/MDF 15mm;<\/p>\n<p>Medidas do produto<\/p>\n<p>Altura: 107 cm<\/p>\n<p>Largura: 56 cm<\/p>\n<p>Comprimento: 1,20m<\/p>\n<p>Informa\u00e7\u00f5es T\u00e9cnicas<\/p>\n<p>P\u00e9s regul\u00e1veis<\/p>\n<p>Quantidade de portas: 2 portas <\/p>\n<p>Quantidade de vidros: 1 vidro frontal plano e 2 vidros das portas planos<\/p>\n<p>Quantidade de prateleiras: 2 prateleiras <\/p>\n<p>Capacidade: 10kg por pratileira<\/p>\n<p>Peso: 60 kg<\/p>\n","protected":false},"excerpt":{"rendered":"<p>Material de Fabrica\u00e7\u00e3o Gabinete: MDP\/MDF 15mm; Interno: MDP\/MDF 15mm; Prateleiras: MDP\/MDF 15mm; Medidas do produto Altura: 107 cm Largura: 56 cm Comprimento: 1,20m Informa\u00e7\u00f5es T\u00e9cnicas&#8230;<\/p>\n","protected":false},"featured_media":5736,"comment_status":"open","ping_status":"closed","template":"","meta":[],"etheme_brands":[],"product_cat":[194],"product_tag":[],"class_list":{"0":"post-4753","1":"product","2":"type-product","3":"status-publish","4":"has-post-thumbnail","6":"product_cat-balcoes","8":"first","9":"instock","10":"sold-individually","11":"shipping-taxable","12":"purchasable","13":"product-type-simple"},"_links":{"self":[{"href":"https:\/\/alaskaequipamentos.com.br\/index.php?rest_route=\/wp\/v2\/product\/4753","targetHints":{"allow":["GET"]}}],"collection":[{"href":"https:\/\/alaskaequipamentos.com.br\/index.php?rest_route=\/wp\/v2\/product"}],"about":[{"href":"https:\/\/alaskaequipamentos.com.br\/index.php?rest_route=\/wp\/v2\/types\/product"}],"replies":[{"embeddable":true,"href":"https:\/\/alaskaequipamentos.com.br\/index.php?rest_route=%2Fwp%2Fv2%2Fcomments&post=4753"}],"version-history":[{"count":2,"href":"https:\/\/alaskaequipamentos.com.br\/index.php?rest_route=\/wp\/v2\/product\/4753\/revisions"}],"predecessor-version":[{"id":5737,"href":"https:\/\/alaskaequipamentos.com.br\/index.php?rest_route=\/wp\/v2\/product\/4753\/revisions\/5737"}],"wp:featuredmedia":[{"embeddable":true,"href":"https:\/\/alaskaequipamentos.com.br\/index.php?rest_route=\/wp\/v2\/media\/5736"}],"wp:attachment":[{"href":"https:\/\/alaskaequipamentos.com.br\/index.php?rest_route=%2Fwp%2Fv2%2Fmedia&parent=4753"}],"wp:term":[{"taxonomy":"brand","embeddable":true,"href":"https:\/\/alaskaequipamentos.com.br\/index.php?rest_route=%2Fwp%2Fv2%2Fetheme_brands&post=4753"},{"taxonomy":"product_cat","embeddable":true,"href":"https:\/\/alaskaequipamentos.com.br\/index.php?rest_route=%2Fwp%2Fv2%2Fproduct_cat&post=4753"},{"taxonomy":"product_tag","embeddable":true,"href":"https:\/\/alaskaequipamentos.com.br\/index.php?rest_route=%2Fwp%2Fv2%2Fproduct_tag&post=4753"}],"curies":[{"name":"wp","href":"https:\/\/api.w.org\/{rel}","templated":true}]}}