{"id":4752,"date":"2023-06-06T03:14:00","date_gmt":"2023-06-06T03:14:00","guid":{"rendered":"https:\/\/alaskaequipamentos.com\/?post_type=product&#038;p=4752"},"modified":"2023-10-16T13:47:35","modified_gmt":"2023-10-16T13:47:35","slug":"bgvn-100-vitrine-natural-gourmet-100m","status":"publish","type":"product","link":"https:\/\/alaskaequipamentos.com.br\/?product=bgvn-100-vitrine-natural-gourmet-100m","title":{"rendered":"Bgvn 100 vitrine natural gourmet 1,00m"},"content":{"rendered":"<p>Descri\u00e7\u00e3o:<\/p>\n<p>Estrutura: Dois n\u00edveis em vidro temperado.<\/p>\n<p>Gabinete: Base em chapa pr\u00e9 pintada, com rodap\u00e9 em inox.<\/p>\n<p>Portas traseiras: De abrir com gaxeta magn\u00e9tica.<\/p>\n<p>Tampo: Vidro Temperado.<\/p>\n<p>Vidro frontal: Vidro Temperado.<\/p>\n<p>P\u00e9s: Regul\u00e1veis<\/p>\n<p>Ilumina\u00e7\u00e3o em LED<\/p>\n<p>Voltagem: 127\/220V<\/p>\n<p>Volume: 351L<\/p>\n<p>Medidas:<\/p>\n<p>Altura(cm) 125<\/p>\n<p>Lateral(cm) 63,5<\/p>\n<p>Frente(cm) 100<\/p>\n<p>Peso(kg) 55<\/p>\n","protected":false},"excerpt":{"rendered":"<p>Descri\u00e7\u00e3o: Estrutura: Dois n\u00edveis em vidro temperado. Gabinete: Base em chapa pr\u00e9 pintada, com rodap\u00e9 em inox. Portas traseiras: De abrir com gaxeta magn\u00e9tica. Tampo:&#8230;<\/p>\n","protected":false},"featured_media":5735,"comment_status":"open","ping_status":"closed","template":"","meta":[],"etheme_brands":[],"product_cat":[194],"product_tag":[],"class_list":{"0":"post-4752","1":"product","2":"type-product","3":"status-publish","4":"has-post-thumbnail","6":"product_cat-balcoes","8":"first","9":"instock","10":"sold-individually","11":"shipping-taxable","12":"purchasable","13":"product-type-simple"},"_links":{"self":[{"href":"https:\/\/alaskaequipamentos.com.br\/index.php?rest_route=\/wp\/v2\/product\/4752","targetHints":{"allow":["GET"]}}],"collection":[{"href":"https:\/\/alaskaequipamentos.com.br\/index.php?rest_route=\/wp\/v2\/product"}],"about":[{"href":"https:\/\/alaskaequipamentos.com.br\/index.php?rest_route=\/wp\/v2\/types\/product"}],"replies":[{"embeddable":true,"href":"https:\/\/alaskaequipamentos.com.br\/index.php?rest_route=%2Fwp%2Fv2%2Fcomments&post=4752"}],"version-history":[{"count":1,"href":"https:\/\/alaskaequipamentos.com.br\/index.php?rest_route=\/wp\/v2\/product\/4752\/revisions"}],"predecessor-version":[{"id":4799,"href":"https:\/\/alaskaequipamentos.com.br\/index.php?rest_route=\/wp\/v2\/product\/4752\/revisions\/4799"}],"wp:featuredmedia":[{"embeddable":true,"href":"https:\/\/alaskaequipamentos.com.br\/index.php?rest_route=\/wp\/v2\/media\/5735"}],"wp:attachment":[{"href":"https:\/\/alaskaequipamentos.com.br\/index.php?rest_route=%2Fwp%2Fv2%2Fmedia&parent=4752"}],"wp:term":[{"taxonomy":"brand","embeddable":true,"href":"https:\/\/alaskaequipamentos.com.br\/index.php?rest_route=%2Fwp%2Fv2%2Fetheme_brands&post=4752"},{"taxonomy":"product_cat","embeddable":true,"href":"https:\/\/alaskaequipamentos.com.br\/index.php?rest_route=%2Fwp%2Fv2%2Fproduct_cat&post=4752"},{"taxonomy":"product_tag","embeddable":true,"href":"https:\/\/alaskaequipamentos.com.br\/index.php?rest_route=%2Fwp%2Fv2%2Fproduct_tag&post=4752"}],"curies":[{"name":"wp","href":"https:\/\/api.w.org\/{rel}","templated":true}]}}