{"id":4750,"date":"2023-06-06T03:13:58","date_gmt":"2023-06-06T03:13:58","guid":{"rendered":"https:\/\/alaskaequipamentos.com\/?post_type=product&#038;p=4750"},"modified":"2023-09-25T14:06:57","modified_gmt":"2023-09-25T14:06:57","slug":"bgve-100-vitrine-estufa-gourmet-100m-127v","status":"publish","type":"product","link":"https:\/\/alaskaequipamentos.com.br\/?product=bgve-100-vitrine-estufa-gourmet-100m-127v","title":{"rendered":"Bgve 100 vitrine estufa gourmet 1,00m 127v"},"content":{"rendered":"<p>Descri\u00e7\u00e3o:<\/p>\n<p>Estrutura: Dois n\u00edveis aramados galvanizados com pintura eletrost\u00e1tica a p\u00f3.<\/p>\n<p>Gabinete: Base em chapa pr\u00e9 pintada, com rodap\u00e9 em inox.<\/p>\n<p>Portas traseiras: De abrir com gaxeta magn\u00e9tica.<\/p>\n<p>Tampo: Vidro Temperado.<\/p>\n<p>Vidro frontal: Vidro Temperado.<\/p>\n<p>P\u00e9s: Regul\u00e1veis<\/p>\n<p>Resistencia Blindada<\/p>\n<p>Temperatura: +40 a +70\u00baC  Medidas:<\/p>\n<p>Frente(cm) 100<\/p>\n<p>Lateral(cm) 63,5<\/p>\n<p>Altura(cm) 125<\/p>\n<p>Peso(Kg) 40<\/p>\n","protected":false},"excerpt":{"rendered":"<p>Descri\u00e7\u00e3o: Estrutura: Dois n\u00edveis aramados galvanizados com pintura eletrost\u00e1tica a p\u00f3. Gabinete: Base em chapa pr\u00e9 pintada, com rodap\u00e9 em inox. Portas traseiras: De abrir&#8230;<\/p>\n","protected":false},"featured_media":4782,"comment_status":"open","ping_status":"closed","template":"","meta":[],"etheme_brands":[],"product_cat":[197,194],"product_tag":[],"class_list":{"0":"post-4750","1":"product","2":"type-product","3":"status-publish","4":"has-post-thumbnail","6":"product_cat-balcao-estufa","7":"product_cat-balcoes","9":"first","10":"instock","11":"sold-individually","12":"shipping-taxable","13":"purchasable","14":"product-type-simple"},"_links":{"self":[{"href":"https:\/\/alaskaequipamentos.com.br\/index.php?rest_route=\/wp\/v2\/product\/4750","targetHints":{"allow":["GET"]}}],"collection":[{"href":"https:\/\/alaskaequipamentos.com.br\/index.php?rest_route=\/wp\/v2\/product"}],"about":[{"href":"https:\/\/alaskaequipamentos.com.br\/index.php?rest_route=\/wp\/v2\/types\/product"}],"replies":[{"embeddable":true,"href":"https:\/\/alaskaequipamentos.com.br\/index.php?rest_route=%2Fwp%2Fv2%2Fcomments&post=4750"}],"version-history":[{"count":1,"href":"https:\/\/alaskaequipamentos.com.br\/index.php?rest_route=\/wp\/v2\/product\/4750\/revisions"}],"predecessor-version":[{"id":4783,"href":"https:\/\/alaskaequipamentos.com.br\/index.php?rest_route=\/wp\/v2\/product\/4750\/revisions\/4783"}],"wp:featuredmedia":[{"embeddable":true,"href":"https:\/\/alaskaequipamentos.com.br\/index.php?rest_route=\/wp\/v2\/media\/4782"}],"wp:attachment":[{"href":"https:\/\/alaskaequipamentos.com.br\/index.php?rest_route=%2Fwp%2Fv2%2Fmedia&parent=4750"}],"wp:term":[{"taxonomy":"brand","embeddable":true,"href":"https:\/\/alaskaequipamentos.com.br\/index.php?rest_route=%2Fwp%2Fv2%2Fetheme_brands&post=4750"},{"taxonomy":"product_cat","embeddable":true,"href":"https:\/\/alaskaequipamentos.com.br\/index.php?rest_route=%2Fwp%2Fv2%2Fproduct_cat&post=4750"},{"taxonomy":"product_tag","embeddable":true,"href":"https:\/\/alaskaequipamentos.com.br\/index.php?rest_route=%2Fwp%2Fv2%2Fproduct_tag&post=4750"}],"curies":[{"name":"wp","href":"https:\/\/api.w.org\/{rel}","templated":true}]}}