{"id":4749,"date":"2023-06-06T03:13:57","date_gmt":"2023-06-06T03:13:57","guid":{"rendered":"https:\/\/alaskaequipamentos.com\/?post_type=product&#038;p=4749"},"modified":"2023-10-16T04:43:17","modified_gmt":"2023-10-16T04:43:17","slug":"balcao-pesagem-italiano-inox","status":"publish","type":"product","link":"https:\/\/alaskaequipamentos.com.br\/?product=balcao-pesagem-italiano-inox","title":{"rendered":"Balc\u00e3o pesagem italiano inox"},"content":{"rendered":"<p>Especifica\u00e7\u00f5es T\u00e9cnicas<br \/>\nMedidas Externas:<\/p>\n<p>Frente: 900 MM<\/p>\n<p>Profundidade: 900 MM<\/p>\n<p>Altura: 870 MM<\/p>\n","protected":false},"excerpt":{"rendered":"<p>Especifica\u00e7\u00f5es T\u00e9cnicas Medidas Externas: Frente: 900 MM Profundidade: 900 MM Altura: 870 MM<\/p>\n","protected":false},"featured_media":5647,"comment_status":"open","ping_status":"closed","template":"","meta":[],"etheme_brands":[],"product_cat":[194],"product_tag":[],"class_list":{"0":"post-4749","1":"product","2":"type-product","3":"status-publish","4":"has-post-thumbnail","6":"product_cat-balcoes","8":"first","9":"instock","10":"sold-individually","11":"shipping-taxable","12":"purchasable","13":"product-type-simple"},"_links":{"self":[{"href":"https:\/\/alaskaequipamentos.com.br\/index.php?rest_route=\/wp\/v2\/product\/4749","targetHints":{"allow":["GET"]}}],"collection":[{"href":"https:\/\/alaskaequipamentos.com.br\/index.php?rest_route=\/wp\/v2\/product"}],"about":[{"href":"https:\/\/alaskaequipamentos.com.br\/index.php?rest_route=\/wp\/v2\/types\/product"}],"replies":[{"embeddable":true,"href":"https:\/\/alaskaequipamentos.com.br\/index.php?rest_route=%2Fwp%2Fv2%2Fcomments&post=4749"}],"version-history":[{"count":1,"href":"https:\/\/alaskaequipamentos.com.br\/index.php?rest_route=\/wp\/v2\/product\/4749\/revisions"}],"predecessor-version":[{"id":4781,"href":"https:\/\/alaskaequipamentos.com.br\/index.php?rest_route=\/wp\/v2\/product\/4749\/revisions\/4781"}],"wp:featuredmedia":[{"embeddable":true,"href":"https:\/\/alaskaequipamentos.com.br\/index.php?rest_route=\/wp\/v2\/media\/5647"}],"wp:attachment":[{"href":"https:\/\/alaskaequipamentos.com.br\/index.php?rest_route=%2Fwp%2Fv2%2Fmedia&parent=4749"}],"wp:term":[{"taxonomy":"brand","embeddable":true,"href":"https:\/\/alaskaequipamentos.com.br\/index.php?rest_route=%2Fwp%2Fv2%2Fetheme_brands&post=4749"},{"taxonomy":"product_cat","embeddable":true,"href":"https:\/\/alaskaequipamentos.com.br\/index.php?rest_route=%2Fwp%2Fv2%2Fproduct_cat&post=4749"},{"taxonomy":"product_tag","embeddable":true,"href":"https:\/\/alaskaequipamentos.com.br\/index.php?rest_route=%2Fwp%2Fv2%2Fproduct_tag&post=4749"}],"curies":[{"name":"wp","href":"https:\/\/api.w.org\/{rel}","templated":true}]}}