{"id":4716,"date":"2023-06-06T03:13:25","date_gmt":"2023-06-06T03:13:25","guid":{"rendered":"https:\/\/alaskaequipamentos.com\/?post_type=product&#038;p=4716"},"modified":"2023-10-10T18:16:11","modified_gmt":"2023-10-10T18:16:11","slug":"combo-wind-super-32kg","status":"publish","type":"product","link":"https:\/\/alaskaequipamentos.com.br\/?product=combo-wind-super-32kg","title":{"rendered":"Combo wind super 32kg"},"content":{"rendered":"<p>Capacidade\t32kg<br \/>\nDivis\u00e3o\t2g at\u00e9 8kg &#8211; 8g at\u00e9 20kg &#8211; 10g at\u00e9 32kg<br \/>\nDisplay\tDuplo (Operador e Cliente) Cristal L\u00edquido com Backligth<br \/>\nTr\u00eas indicadores (Peso, Pre\u00e7o\/kg, Pre\u00e7o Total) com 6 d\u00edgitos de 15mm em cada indicador<br \/>\nIndica\u00e7\u00e3o de n\u00edvel de carga da bateria<br \/>\nSistema de auto diagn\u00f3stico com indica\u00e7\u00e3o de eventuais anormalidades<br \/>\nPrato (L x C)\t345 x 275mm em a\u00e7o Inox<br \/>\nPeso L\u00edquido\t5.150kg<br \/>\nPeso Bruto\t6.750kg<br \/>\nDimens\u00f5es (L x C x A)\t360 x 345 x 117mm<br \/>\nDimens\u00f5es (Embalagem)\t418 x 438 x 206mm<br \/>\nAlimenta\u00e7\u00e3o de Tens\u00e3o\t110-220 Volts (Autom\u00e1tico)<br \/>\nAlimenta\u00e7\u00e3o Frequ\u00eancia\t50-60 Hz<br \/>\nConsumo\tCarga m\u00e1xima: 12 VA<br \/>\nOpera\u00e7\u00e3o na tomada: 0,4 VA<br \/>\nTemperatura de Opera\u00e7\u00e3o\t-10\u00baC \u00e0 40\u00baC umidade relativa do ar m\u00e1xima 85% (sem condensa\u00e7\u00e3o)<br \/>\nInterface de Comunica\u00e7\u00e3o\tSerial RS-232<br \/>\nTeclado\tTeclado de alta resist\u00eancia em policarbonato com 16 teclas<br \/>\nAcess\u00f3rios Inclusos\tBateria para at\u00e9 200 horas, tempo de recarga de 18 horas<br \/>\nFonte 110-220 VCA \/ 8 VCC, 600 mA<br \/>\nPrincipais Recursos\tComputadora com c\u00e1lculo autom\u00e1tico de pre\u00e7o final<br \/>\nConstante total do dia<br \/>\nN\u00edvel bolha para nivelamento<br \/>\nConfigura\u00e7\u00e3o de velocidade, comunica\u00e7\u00e3o e dados de impress\u00e3o<br \/>\nAuto desligamento program\u00e1vel<br \/>\nConstru\u00e7\u00e3o em ABS injetado<br \/>\nComando de pr\u00e9-empacotamento<br \/>\nTotalmente configur\u00e1vel pelo usu\u00e1rio, com prote\u00e7\u00e3o por senha<br \/>\nCaracter\u00edsticas\tS Printer<br \/>\nM\u00e9todo de Impress\u00e3o\tT\u00e9rmica direta<br \/>\nResolu\u00e7\u00e3o\t203 DPI<br \/>\nLargura de Impress\u00e3o\tM\u00e1xima de 76mm<br \/>\nVelocidade de Impress\u00e3o\tM\u00e1xima de 127mm\/segundo<br \/>\nMem\u00f3ria\tDRAM: 2M<br \/>\nFlash: 2M<br \/>\nCabe\u00e7a de Impress\u00e3o\tSensor de temperatura: Resistor Termossens\u00edvel<br \/>\nSensor de posi\u00e7\u00e3o: Microswitch<br \/>\nSensor de presen\u00e7a: Fotoel\u00e9trico<br \/>\nInterface\tSerial RS-232 e USB<br \/>\nC\u00f3digo de Barras\tCODE 128, EAN128, ITF, CODE39, EAN 13, EAN 13+2, EAN 13+5, EAN8, EAN8+2, EAN8+5, CODABAR, POSTNET, UPC-A, UPC+2, UPC+5, UPC-E, UPCE+2, UPC-E+5, CPOST, MSI, MSIC, PLESSY, ITF14, EAN14<br \/>\nFontes Internas\tFonte 0 a Fonte 8<br \/>\nAumento\tAumento de 1 a 10 vezes em ambas dire\u00e7\u00f5es<br \/>\nRota\u00e7\u00e3o\t0\u00ba, 90\u00ba e 270\u00ba<br \/>\nGr\u00e1ficos\tArquivos Mono PCX e BMP podem ser baixados no Flash e DRAW<br \/>\nTipo de Suprimento\tCont\u00ednuo e etiqueta auto-adesiva<br \/>\nLargura do Suprimento\t20-80mm<br \/>\nDi\u00e2metro do Rolo\tM\u00e1ximo de 85mm<br \/>\nDi\u00e2metro Interno do Rolo\tMinimo de 25mm<br \/>\nCorte\tDestacador de etiquetas e Serrilha<br \/>\nAlimenta\u00e7\u00e3o\t110\/220V<br \/>\nSa\u00edda\t24VDC 2A<br \/>\nTrabalho\t5\u00baC a 45\u00baC, 10% a 80% RH<br \/>\nArmazenamento\t-10\u00baC \u00e0 50\u00baC, \u226493% RH<br \/>\nCompatibilidade de Driver\tWindows XP, Server 2003, Vista, Server 2008, Windows 7, Windows 8, Windows 8.1, XP 64-bit, Server 2003 64-bit, Vista 64-bit, Server 2008 64-bit, Server 2008 R2, Windows 7 64-bit, Windows 8 64-bit, Windows 8.1 64-bit, Server 2012, Server 2012 R2 e Linux<br \/>\nSoftware de Cria\u00e7\u00e3o de Etiquetas\tNiceLabel<br \/>\nAcess\u00f3rios Inclusos\tFonte de Energia<br \/>\nCabo USB<br \/>\nCabo Serial RS-232<br \/>\nPeso\t1,5kg<\/p>\n","protected":false},"excerpt":{"rendered":"<p>Capacidade 32kg Divis\u00e3o 2g at\u00e9 8kg &#8211; 8g at\u00e9 20kg &#8211; 10g at\u00e9 32kg Display Duplo (Operador e Cliente) Cristal L\u00edquido com Backligth Tr\u00eas indicadores&#8230;<\/p>\n","protected":false},"featured_media":3596,"comment_status":"open","ping_status":"closed","template":"","meta":[],"etheme_brands":[],"product_cat":[15],"product_tag":[],"class_list":{"0":"post-4716","1":"product","2":"type-product","3":"status-publish","4":"has-post-thumbnail","6":"product_cat-promocoes","8":"first","9":"instock","10":"sold-individually","11":"shipping-taxable","12":"purchasable","13":"product-type-simple"},"_links":{"self":[{"href":"https:\/\/alaskaequipamentos.com.br\/index.php?rest_route=\/wp\/v2\/product\/4716","targetHints":{"allow":["GET"]}}],"collection":[{"href":"https:\/\/alaskaequipamentos.com.br\/index.php?rest_route=\/wp\/v2\/product"}],"about":[{"href":"https:\/\/alaskaequipamentos.com.br\/index.php?rest_route=\/wp\/v2\/types\/product"}],"replies":[{"embeddable":true,"href":"https:\/\/alaskaequipamentos.com.br\/index.php?rest_route=%2Fwp%2Fv2%2Fcomments&post=4716"}],"version-history":[{"count":2,"href":"https:\/\/alaskaequipamentos.com.br\/index.php?rest_route=\/wp\/v2\/product\/4716\/revisions"}],"predecessor-version":[{"id":5427,"href":"https:\/\/alaskaequipamentos.com.br\/index.php?rest_route=\/wp\/v2\/product\/4716\/revisions\/5427"}],"wp:featuredmedia":[{"embeddable":true,"href":"https:\/\/alaskaequipamentos.com.br\/index.php?rest_route=\/wp\/v2\/media\/3596"}],"wp:attachment":[{"href":"https:\/\/alaskaequipamentos.com.br\/index.php?rest_route=%2Fwp%2Fv2%2Fmedia&parent=4716"}],"wp:term":[{"taxonomy":"brand","embeddable":true,"href":"https:\/\/alaskaequipamentos.com.br\/index.php?rest_route=%2Fwp%2Fv2%2Fetheme_brands&post=4716"},{"taxonomy":"product_cat","embeddable":true,"href":"https:\/\/alaskaequipamentos.com.br\/index.php?rest_route=%2Fwp%2Fv2%2Fproduct_cat&post=4716"},{"taxonomy":"product_tag","embeddable":true,"href":"https:\/\/alaskaequipamentos.com.br\/index.php?rest_route=%2Fwp%2Fv2%2Fproduct_tag&post=4716"}],"curies":[{"name":"wp","href":"https:\/\/api.w.org\/{rel}","templated":true}]}}