{"id":4611,"date":"2023-06-06T03:12:06","date_gmt":"2023-06-06T03:12:06","guid":{"rendered":"https:\/\/alaskaequipamentos.com\/?post_type=product&#038;p=4611"},"modified":"2023-09-25T14:05:25","modified_gmt":"2023-09-25T14:05:25","slug":"expositor-vertical-auto-servico-2-portas-125cm-masp-125","status":"publish","type":"product","link":"https:\/\/alaskaequipamentos.com.br\/?product=expositor-vertical-auto-servico-2-portas-125cm-masp-125","title":{"rendered":"Expositor Vertical (Auto-servi\u00e7o) 2 portas  125cm MASP-125"},"content":{"rendered":"<p>Caracter\u00edsticas:<\/p>\n<p>&#8211; Estrutural:<br \/>\nLaterais em vacuum forming com isolamento em poliuretano injetado;<br \/>\nPortas tipo bandeira vidro duplo com g\u00e1s arg\u00f4nio,gaxeta magn\u00e9tica e puxador<br \/>\nQuadro de portas em a\u00e7o inox;<br \/>\nPrateleiras regul\u00e1veis por encaixe em a\u00e7o pintado com acabamento em inox;<br \/>\nP\u00e9s regul\u00e1veis em alum\u00ednio;<br \/>\nIlumina\u00e7\u00e3o Led;<br \/>\nFaixa superior adesivada.<\/p>\n<p>&#8211; Refrigera\u00e7\u00e3o:<br \/>\nTemperatura m\u00e9dia de funcionamento +2\u00baC a +7\u00baC;<br \/>\nCom placa fria Roll Bond e ar for\u00e7ado com regulagem atrav\u00e9s do controlador digital.<\/p>\n<p>Comprimento: 1250 mm<br \/>\nProfundidade: 650 mm<br \/>\nAltura: 2070 mm<br \/>\nPeso: 163 Kgs<br \/>\nTemperatura: 2 \u00baC a 7 \u00baC<br \/>\nTens\u00e3o: 220 V ou 110v<\/p>\n","protected":false},"excerpt":{"rendered":"<p>Caracter\u00edsticas: &#8211; Estrutural: Laterais em vacuum forming com isolamento em poliuretano injetado; Portas tipo bandeira vidro duplo com g\u00e1s arg\u00f4nio,gaxeta magn\u00e9tica e puxador Quadro de&#8230;<\/p>\n","protected":false},"featured_media":4682,"comment_status":"open","ping_status":"closed","template":"","meta":[],"etheme_brands":[],"product_cat":[15,194,202],"product_tag":[],"class_list":{"0":"post-4611","1":"product","2":"type-product","3":"status-publish","4":"has-post-thumbnail","6":"product_cat-promocoes","7":"product_cat-balcoes","8":"product_cat-balcoes-expositores","10":"first","11":"instock","12":"sold-individually","13":"shipping-taxable","14":"purchasable","15":"product-type-simple"},"_links":{"self":[{"href":"https:\/\/alaskaequipamentos.com.br\/index.php?rest_route=\/wp\/v2\/product\/4611","targetHints":{"allow":["GET"]}}],"collection":[{"href":"https:\/\/alaskaequipamentos.com.br\/index.php?rest_route=\/wp\/v2\/product"}],"about":[{"href":"https:\/\/alaskaequipamentos.com.br\/index.php?rest_route=\/wp\/v2\/types\/product"}],"replies":[{"embeddable":true,"href":"https:\/\/alaskaequipamentos.com.br\/index.php?rest_route=%2Fwp%2Fv2%2Fcomments&post=4611"}],"version-history":[{"count":1,"href":"https:\/\/alaskaequipamentos.com.br\/index.php?rest_route=\/wp\/v2\/product\/4611\/revisions"}],"predecessor-version":[{"id":4683,"href":"https:\/\/alaskaequipamentos.com.br\/index.php?rest_route=\/wp\/v2\/product\/4611\/revisions\/4683"}],"wp:featuredmedia":[{"embeddable":true,"href":"https:\/\/alaskaequipamentos.com.br\/index.php?rest_route=\/wp\/v2\/media\/4682"}],"wp:attachment":[{"href":"https:\/\/alaskaequipamentos.com.br\/index.php?rest_route=%2Fwp%2Fv2%2Fmedia&parent=4611"}],"wp:term":[{"taxonomy":"brand","embeddable":true,"href":"https:\/\/alaskaequipamentos.com.br\/index.php?rest_route=%2Fwp%2Fv2%2Fetheme_brands&post=4611"},{"taxonomy":"product_cat","embeddable":true,"href":"https:\/\/alaskaequipamentos.com.br\/index.php?rest_route=%2Fwp%2Fv2%2Fproduct_cat&post=4611"},{"taxonomy":"product_tag","embeddable":true,"href":"https:\/\/alaskaequipamentos.com.br\/index.php?rest_route=%2Fwp%2Fv2%2Fproduct_tag&post=4611"}],"curies":[{"name":"wp","href":"https:\/\/api.w.org\/{rel}","templated":true}]}}