{"id":4610,"date":"2023-06-06T03:12:05","date_gmt":"2023-06-06T03:12:05","guid":{"rendered":"https:\/\/alaskaequipamentos.com\/?post_type=product&#038;p=4610"},"modified":"2023-09-25T14:04:53","modified_gmt":"2023-09-25T14:04:53","slug":"expositor-vertical-gevp-3p-3-portas-preto-183mt","status":"publish","type":"product","link":"https:\/\/alaskaequipamentos.com.br\/?product=expositor-vertical-gevp-3p-3-portas-preto-183mt","title":{"rendered":"Expositor Vertical Gevp-3p 3 Portas Preto 1,83Mt"},"content":{"rendered":"<p>Informa\u00e7\u00f5es do Produto<br \/>\nExpositor Vertical Gevp-3p 3 Portas Preto 1,83Mt 220V &#8211; Gelopar<br \/>\nRefrigera\u00e7\u00e3o e exposi\u00e7\u00e3o de bebidas, frios e latic\u00ednios<br \/>\nTemperatura: +1\u00b0 a +7\u00b0C<br \/>\nRefrigera\u00e7\u00e3o: Ar for\u00e7ado com serpentina aletada<br \/>\nP\u00e9s regul\u00e1veis<br \/>\nControlador Eletr\u00f4nico Digital: Com indicador digital de temperatura e degelo autom\u00e1tico natural<br \/>\nIlumina\u00e7\u00e3o: Fluorescente (interna), com interruptor<br \/>\nPortas: Medindo 520x1490mm; Vidro temperado, duplo, com g\u00e1s arg\u00f4nio<br \/>\nRevestimento externo:<br \/>\nFrontal em A\u00e7o Revestido com Pel\u00edcula Tipo Inox<br \/>\nLaterais em A\u00e7o Pr\u00e9-pintado Branco<br \/>\nPerfil das portas, para-choque, perfil da testeira em PVC<br \/>\nAdesivo na testeira<br \/>\nVidros sujeitos a condensa\u00e7\u00e3o da umidade do ar<br \/>\nOpcional: Porta-Etiqueta para prateleiras (cor: Cinza Claro)<\/p>\n<p>Frente(mm) 1830<br \/>\nProfundidade(mm) 620<br \/>\nAltura(mm) 2110<br \/>\nCapacidade bruta(litros) 1200<br \/>\nPeso bruto(kg) 280<br \/>\nTens\u00e3o(V) 127 \/ 220<br \/>\nFrequ\u00eancia(Hz) 60 50 ou 60<br \/>\nConsumo kWh\/dia(60Hz) 3,8<br \/>\nClasse 4<\/p>\n","protected":false},"excerpt":{"rendered":"<p>Informa\u00e7\u00f5es do Produto Expositor Vertical Gevp-3p 3 Portas Preto 1,83Mt 220V &#8211; Gelopar Refrigera\u00e7\u00e3o e exposi\u00e7\u00e3o de bebidas, frios e latic\u00ednios Temperatura: +1\u00b0 a +7\u00b0C&#8230;<\/p>\n","protected":false},"featured_media":4680,"comment_status":"open","ping_status":"closed","template":"","meta":[],"etheme_brands":[],"product_cat":[15,194,202],"product_tag":[],"class_list":{"0":"post-4610","1":"product","2":"type-product","3":"status-publish","4":"has-post-thumbnail","6":"product_cat-promocoes","7":"product_cat-balcoes","8":"product_cat-balcoes-expositores","10":"first","11":"instock","12":"sold-individually","13":"shipping-taxable","14":"purchasable","15":"product-type-simple"},"_links":{"self":[{"href":"https:\/\/alaskaequipamentos.com.br\/index.php?rest_route=\/wp\/v2\/product\/4610","targetHints":{"allow":["GET"]}}],"collection":[{"href":"https:\/\/alaskaequipamentos.com.br\/index.php?rest_route=\/wp\/v2\/product"}],"about":[{"href":"https:\/\/alaskaequipamentos.com.br\/index.php?rest_route=\/wp\/v2\/types\/product"}],"replies":[{"embeddable":true,"href":"https:\/\/alaskaequipamentos.com.br\/index.php?rest_route=%2Fwp%2Fv2%2Fcomments&post=4610"}],"version-history":[{"count":1,"href":"https:\/\/alaskaequipamentos.com.br\/index.php?rest_route=\/wp\/v2\/product\/4610\/revisions"}],"predecessor-version":[{"id":4681,"href":"https:\/\/alaskaequipamentos.com.br\/index.php?rest_route=\/wp\/v2\/product\/4610\/revisions\/4681"}],"wp:featuredmedia":[{"embeddable":true,"href":"https:\/\/alaskaequipamentos.com.br\/index.php?rest_route=\/wp\/v2\/media\/4680"}],"wp:attachment":[{"href":"https:\/\/alaskaequipamentos.com.br\/index.php?rest_route=%2Fwp%2Fv2%2Fmedia&parent=4610"}],"wp:term":[{"taxonomy":"brand","embeddable":true,"href":"https:\/\/alaskaequipamentos.com.br\/index.php?rest_route=%2Fwp%2Fv2%2Fetheme_brands&post=4610"},{"taxonomy":"product_cat","embeddable":true,"href":"https:\/\/alaskaequipamentos.com.br\/index.php?rest_route=%2Fwp%2Fv2%2Fproduct_cat&post=4610"},{"taxonomy":"product_tag","embeddable":true,"href":"https:\/\/alaskaequipamentos.com.br\/index.php?rest_route=%2Fwp%2Fv2%2Fproduct_tag&post=4610"}],"curies":[{"name":"wp","href":"https:\/\/api.w.org\/{rel}","templated":true}]}}