{"id":4302,"date":"2023-06-06T03:06:23","date_gmt":"2023-06-06T03:06:23","guid":{"rendered":"https:\/\/alaskaequipamentos.com\/?post_type=product&#038;p=4302"},"modified":"2023-09-25T14:27:56","modified_gmt":"2023-09-25T14:27:56","slug":"forno-turbo-a-gas-prp-5000","status":"publish","type":"product","link":"https:\/\/alaskaequipamentos.com.br\/?product=forno-turbo-a-gas-prp-5000","title":{"rendered":"Forno Turbo a G\u00e1s Prp 5000"},"content":{"rendered":"<p>C\u00e2mara interna com acabamento com pintura alta temperatura resistente a oxida\u00e7\u00e3o;<br \/>\nEstrutura em fino acabamento em a\u00e7o carbono com pintura ep\u00f3xi;<br \/>\nAcabamento frontal em a\u00e7o inox escovado;<br \/>\nPorta com visor em vidro temperado;<br \/>\nIlumina\u00e7\u00e3o interna com prote\u00e7\u00e3o de vidro resistente a altas temperaturas e choques t\u00e9rmicos;<br \/>\nIsolamento interno com l\u00e3 bas\u00e1ltica;<br \/>\nLiga e desliga a turbina automaticamente ao abrir e fechar a porta;<br \/>\nRod\u00edzios que facilitam o deslocamento;<br \/>\nTens\u00e3o 127-220v, 50\/60Hz;<br \/>\nBaixo consumo de g\u00e1s.<br \/>\nDimens\u00f5es:<\/p>\n<p>Medidas totais:<br \/>\nLargura: 1530mm<br \/>\nAltura: 910mm<br \/>\nProfundidade: 1230mm<\/p>\n<p>Medidas internas:<br \/>\nLargura: 470mm<br \/>\nAltura: 580mm<br \/>\nProfundidade: 720mm<\/p>\n<p>Peso l\u00edquido: 135kg<\/p>\n<p>Consumo m\u00e9dio: 0,9kg\/h<\/p>\n","protected":false},"excerpt":{"rendered":"<p>C\u00e2mara interna com acabamento com pintura alta temperatura resistente a oxida\u00e7\u00e3o; Estrutura em fino acabamento em a\u00e7o carbono com pintura ep\u00f3xi; Acabamento frontal em a\u00e7o&#8230;<\/p>\n","protected":false},"featured_media":5354,"comment_status":"open","ping_status":"closed","template":"","meta":[],"etheme_brands":[],"product_cat":[255,263],"product_tag":[],"class_list":{"0":"post-4302","1":"product","2":"type-product","3":"status-publish","4":"has-post-thumbnail","6":"product_cat-fogoes-fornos","7":"product_cat-forno-turbo","9":"first","10":"instock","11":"sold-individually","12":"shipping-taxable","13":"purchasable","14":"product-type-simple"},"_links":{"self":[{"href":"https:\/\/alaskaequipamentos.com.br\/index.php?rest_route=\/wp\/v2\/product\/4302","targetHints":{"allow":["GET"]}}],"collection":[{"href":"https:\/\/alaskaequipamentos.com.br\/index.php?rest_route=\/wp\/v2\/product"}],"about":[{"href":"https:\/\/alaskaequipamentos.com.br\/index.php?rest_route=\/wp\/v2\/types\/product"}],"replies":[{"embeddable":true,"href":"https:\/\/alaskaequipamentos.com.br\/index.php?rest_route=%2Fwp%2Fv2%2Fcomments&post=4302"}],"version-history":[{"count":1,"href":"https:\/\/alaskaequipamentos.com.br\/index.php?rest_route=\/wp\/v2\/product\/4302\/revisions"}],"predecessor-version":[{"id":4352,"href":"https:\/\/alaskaequipamentos.com.br\/index.php?rest_route=\/wp\/v2\/product\/4302\/revisions\/4352"}],"wp:featuredmedia":[{"embeddable":true,"href":"https:\/\/alaskaequipamentos.com.br\/index.php?rest_route=\/wp\/v2\/media\/5354"}],"wp:attachment":[{"href":"https:\/\/alaskaequipamentos.com.br\/index.php?rest_route=%2Fwp%2Fv2%2Fmedia&parent=4302"}],"wp:term":[{"taxonomy":"brand","embeddable":true,"href":"https:\/\/alaskaequipamentos.com.br\/index.php?rest_route=%2Fwp%2Fv2%2Fetheme_brands&post=4302"},{"taxonomy":"product_cat","embeddable":true,"href":"https:\/\/alaskaequipamentos.com.br\/index.php?rest_route=%2Fwp%2Fv2%2Fproduct_cat&post=4302"},{"taxonomy":"product_tag","embeddable":true,"href":"https:\/\/alaskaequipamentos.com.br\/index.php?rest_route=%2Fwp%2Fv2%2Fproduct_tag&post=4302"}],"curies":[{"name":"wp","href":"https:\/\/api.w.org\/{rel}","templated":true}]}}