{"id":4301,"date":"2023-06-06T03:06:22","date_gmt":"2023-06-06T03:06:22","guid":{"rendered":"https:\/\/alaskaequipamentos.com\/?post_type=product&#038;p=4301"},"modified":"2023-09-25T14:28:08","modified_gmt":"2023-09-25T14:28:08","slug":"forno-turbo-a-gas-fvt5d","status":"publish","type":"product","link":"https:\/\/alaskaequipamentos.com.br\/?product=forno-turbo-a-gas-fvt5d","title":{"rendered":"Forno Turbo a G\u00e1s Fvt5d"},"content":{"rendered":"<p> Porta do forno confeccionada em a\u00e7o inoxid\u00e1vel, possuindo, internamente, vidro temperado de 5mm de f\u00e1cil remo\u00e7\u00e3o, facilitando a limpeza e a manuten\u00e7\u00e3o;<br \/>\n\u25a0 Veda\u00e7\u00e3o da porta em borracha de silicone resistente a altas temperaturas, fixada sem utiliza\u00e7\u00e3o de rebites ou parafusos, facilitando, assim, sua substitui\u00e7\u00e3o quando necess\u00e1rio;<br \/>\n\u25a0 Possui alarme sonoro e visual, ou seja, al\u00e9m do controlador apitar, tamb\u00e9m a l\u00e2mpada piscar\u00e1, avisando o final do processo de coc\u00e7\u00e3o;<br \/>\n\u25a0 Suporte para esteiras de 580x680mm de f\u00e1cil remo\u00e7\u00e3o, somente por encaixe, para facilitar a limpeza, possuindo ainda, trilho de seguran\u00e7a para evitar a queda das esteiras;<br \/>\n\u25a0 Sistema de circula\u00e7\u00e3o de ar que alterna o sentido de rota\u00e7\u00e3o da turbina entre hor\u00e1rio e anti-hor\u00e1rio (3 minutos para cada lado), propiciando uniformidade na coc\u00e7\u00e3o;<br \/>\n\u25a0 L\u00e2mpada localizada na parte superior central da porta, propiciando melhor visualiza\u00e7\u00e3o do assado;<br \/>\n\u25a0 Ma\u00e7aneta confeccionada em a\u00e7o SAE 102\/1045 cromado e com pegador em termopl\u00e1stico super resistente e isolante t\u00e9rmico;<br \/>\n\u25a0 Queimador localizado na parte inferior de f\u00e1cil acesso, que facilita a manuten\u00e7\u00e3o;<br \/>\n\u25a0 Cavalete refor\u00e7ado em estrutura tubular, com sistema de encaixe de f\u00e1cil montagem;<br \/>\n\u25a0 P\u00e9s frontais com regulagem de altura;<br \/>\n\u25a0 Acabamento externo da c\u00e2mara e do cavalete em pintura p\u00f3 eletrost\u00e1tica com base fosfatizada na cor preta;<br \/>\n\u25a0 C\u00e2mara interna confeccionada em a\u00e7o SAE 1020 e acabamento com tinta para alta temperatura;<br \/>\n\u25a0 Super seguro, pois possui sensores que identificam a presen\u00e7a da chama no queimador que, se por algum motivo a mesma se apagar, avisar\u00e3o o controlador, que fechar\u00e1 a entrada de g\u00e1s, desligando o sistema;<br \/>\n\u25a0 Esteiras para p\u00e3o doce e salgado, opcionais, nas medidas de 580x680mm;<br \/>\n\u25a0 Isolamento t\u00e9rmico em l\u00e3 de rocha;<br \/>\n\u25a0 Dispon\u00edvel nas tens\u00f5es de 127V ou 220V monof\u00e1sico;<br \/>\n\u25a0 Sa\u00edda de vapor autom\u00e1tica;<br \/>\n\u25a0 Temperatura m\u00e1xima de 230\u00baC;<\/p>\n","protected":false},"excerpt":{"rendered":"<p>Porta do forno confeccionada em a\u00e7o inoxid\u00e1vel, possuindo, internamente, vidro temperado de 5mm de f\u00e1cil remo\u00e7\u00e3o, facilitando a limpeza e a manuten\u00e7\u00e3o; \u25a0 Veda\u00e7\u00e3o da&#8230;<\/p>\n","protected":false},"featured_media":4349,"comment_status":"open","ping_status":"closed","template":"","meta":[],"etheme_brands":[],"product_cat":[255,263],"product_tag":[],"class_list":{"0":"post-4301","1":"product","2":"type-product","3":"status-publish","4":"has-post-thumbnail","6":"product_cat-fogoes-fornos","7":"product_cat-forno-turbo","9":"first","10":"instock","11":"sold-individually","12":"shipping-taxable","13":"purchasable","14":"product-type-simple"},"_links":{"self":[{"href":"https:\/\/alaskaequipamentos.com.br\/index.php?rest_route=\/wp\/v2\/product\/4301","targetHints":{"allow":["GET"]}}],"collection":[{"href":"https:\/\/alaskaequipamentos.com.br\/index.php?rest_route=\/wp\/v2\/product"}],"about":[{"href":"https:\/\/alaskaequipamentos.com.br\/index.php?rest_route=\/wp\/v2\/types\/product"}],"replies":[{"embeddable":true,"href":"https:\/\/alaskaequipamentos.com.br\/index.php?rest_route=%2Fwp%2Fv2%2Fcomments&post=4301"}],"version-history":[{"count":2,"href":"https:\/\/alaskaequipamentos.com.br\/index.php?rest_route=\/wp\/v2\/product\/4301\/revisions"}],"predecessor-version":[{"id":5448,"href":"https:\/\/alaskaequipamentos.com.br\/index.php?rest_route=\/wp\/v2\/product\/4301\/revisions\/5448"}],"wp:featuredmedia":[{"embeddable":true,"href":"https:\/\/alaskaequipamentos.com.br\/index.php?rest_route=\/wp\/v2\/media\/4349"}],"wp:attachment":[{"href":"https:\/\/alaskaequipamentos.com.br\/index.php?rest_route=%2Fwp%2Fv2%2Fmedia&parent=4301"}],"wp:term":[{"taxonomy":"brand","embeddable":true,"href":"https:\/\/alaskaequipamentos.com.br\/index.php?rest_route=%2Fwp%2Fv2%2Fetheme_brands&post=4301"},{"taxonomy":"product_cat","embeddable":true,"href":"https:\/\/alaskaequipamentos.com.br\/index.php?rest_route=%2Fwp%2Fv2%2Fproduct_cat&post=4301"},{"taxonomy":"product_tag","embeddable":true,"href":"https:\/\/alaskaequipamentos.com.br\/index.php?rest_route=%2Fwp%2Fv2%2Fproduct_tag&post=4301"}],"curies":[{"name":"wp","href":"https:\/\/api.w.org\/{rel}","templated":true}]}}