{"id":4300,"date":"2023-06-06T03:06:21","date_gmt":"2023-06-06T03:06:21","guid":{"rendered":"https:\/\/alaskaequipamentos.com\/?post_type=product&#038;p=4300"},"modified":"2023-09-22T13:54:27","modified_gmt":"2023-09-22T13:54:27","slug":"forno-turbo-a-gas-ftdg-10","status":"publish","type":"product","link":"https:\/\/alaskaequipamentos.com.br\/?product=forno-turbo-a-gas-ftdg-10","title":{"rendered":"Forno Turbo a G\u00e1s Ftdg 10"},"content":{"rendered":"<p>\u25a0 Modelo para 10 esteiras de 580 x 680mm (esteiras opcionais);<br \/>\n\u25a0 Porta do forno confeccionada em a\u00e7o inoxid\u00e1vel, possuindo, internamente, vidro temperado de 5 mm de f\u00e1cil remo\u00e7\u00e3o, facilitando a limpeza e a manuten\u00e7\u00e3o;<br \/>\n\u25a0 Veda\u00e7\u00e3o da porta em borracha de silicone resistente a altas temperaturas, fixada sem utiliza\u00e7\u00e3o de rebites ou parafusos, facilitando, assim, sua substitui\u00e7\u00e3o quando necess\u00e1rio;<br \/>\n\u25a0 Ma\u00e7aneta em alum\u00ednio refor\u00e7ado, de f\u00e1cil abertura e fechamento, com dois est\u00e1gios;<br \/>\n\u25a0 Suporte para esteiras de 580x680mm de f\u00e1cil remo\u00e7\u00e3o, somente por encaixe, para facilitar a limpeza e, possuindo ainda, trilho de seguran\u00e7a para evitar a queda das esteiras;<br \/>\n\u25a0 Abertura da porta em dois est\u00e1gios, com sistema de seguran\u00e7a na dobradi\u00e7a inferior;<br \/>\n\u25a0 Sensores que desligam a turbina ao abrir a porta;<br \/>\n\u25a0 Possui alarme sonoro e visual, ou seja, al\u00e9m do controlador apitar, tamb\u00e9m a l\u00e2mpada piscar\u00e1, avisando o final do processo de coc\u00e7\u00e3o;<br \/>\n\u25a0 Sistema de aquecimento realizado de forma indireta, com queimador localizado na parte inferior do forno, que aquece o piso e as laterais, irradiando, desta maneira, calor para a c\u00e2mara;<br \/>\n\u25a0 Painel de controle, composto por controlador multifuncional, bot\u00e3o liga\/desliga geral, bot\u00e3o liga\/desliga da turbina, sendo que, ambos, possuem ilumina\u00e7\u00e3o interna, que permanece acesa enquanto estiverem ativados;<br \/>\n\u25a0 Acabamento externo da c\u00e2mara e do cavalete em pintura p\u00f3 eletrost\u00e1tica com base fosfatizada na cor preta;<br \/>\n\u25a0 C\u00e2mara interna confeccionada em a\u00e7o SAE 1020 e acabamento com tinta para alta temperatura;<br \/>\n\u25a0 Isolamento t\u00e9rmico em l\u00e3 de rocha;<br \/>\n\u25a0 Adi\u00e7\u00e3o de vapor na c\u00e2mara com tempo padr\u00e3o de 3 segundos, com possibilidade de altera\u00e7\u00e3o;<br \/>\n\u25a0 Esteiras para p\u00e3o doce e salgado, opcionais, nas medidas de 580x680mm;<br \/>\n\u25a0 Temperatura m\u00e1xima de 230 \u00baC;<br \/>\n\u25a0 Rod\u00edzios super resistentes e com trava, proporcionando seguran\u00e7a durante o uso;<br \/>\n\u25a0 Possui sensores que identificam a presen\u00e7a da chama no queimador que, se por algum motivo a mesma se apagar, avisar\u00e3o o controlador, que fechar\u00e1 a entrada de g\u00e1s, desligando o sistema;<br \/>\n\u25a0 Dispon\u00edvel nas tens\u00f5es de 127 V ou 220 V monof\u00e1sico;<br \/>\n\u25a0 Equipamento para uso industrial e profissional;<\/p>\n","protected":false},"excerpt":{"rendered":"<p>\u25a0 Modelo para 10 esteiras de 580 x 680mm (esteiras opcionais); \u25a0 Porta do forno confeccionada em a\u00e7o inoxid\u00e1vel, possuindo, internamente, vidro temperado de 5&#8230;<\/p>\n","protected":false},"featured_media":4347,"comment_status":"open","ping_status":"closed","template":"","meta":[],"etheme_brands":[],"product_cat":[255,263],"product_tag":[],"class_list":{"0":"post-4300","1":"product","2":"type-product","3":"status-publish","4":"has-post-thumbnail","6":"product_cat-fogoes-fornos","7":"product_cat-forno-turbo","9":"first","10":"instock","11":"sold-individually","12":"shipping-taxable","13":"purchasable","14":"product-type-simple"},"_links":{"self":[{"href":"https:\/\/alaskaequipamentos.com.br\/index.php?rest_route=\/wp\/v2\/product\/4300","targetHints":{"allow":["GET"]}}],"collection":[{"href":"https:\/\/alaskaequipamentos.com.br\/index.php?rest_route=\/wp\/v2\/product"}],"about":[{"href":"https:\/\/alaskaequipamentos.com.br\/index.php?rest_route=\/wp\/v2\/types\/product"}],"replies":[{"embeddable":true,"href":"https:\/\/alaskaequipamentos.com.br\/index.php?rest_route=%2Fwp%2Fv2%2Fcomments&post=4300"}],"version-history":[{"count":1,"href":"https:\/\/alaskaequipamentos.com.br\/index.php?rest_route=\/wp\/v2\/product\/4300\/revisions"}],"predecessor-version":[{"id":4348,"href":"https:\/\/alaskaequipamentos.com.br\/index.php?rest_route=\/wp\/v2\/product\/4300\/revisions\/4348"}],"wp:featuredmedia":[{"embeddable":true,"href":"https:\/\/alaskaequipamentos.com.br\/index.php?rest_route=\/wp\/v2\/media\/4347"}],"wp:attachment":[{"href":"https:\/\/alaskaequipamentos.com.br\/index.php?rest_route=%2Fwp%2Fv2%2Fmedia&parent=4300"}],"wp:term":[{"taxonomy":"brand","embeddable":true,"href":"https:\/\/alaskaequipamentos.com.br\/index.php?rest_route=%2Fwp%2Fv2%2Fetheme_brands&post=4300"},{"taxonomy":"product_cat","embeddable":true,"href":"https:\/\/alaskaequipamentos.com.br\/index.php?rest_route=%2Fwp%2Fv2%2Fproduct_cat&post=4300"},{"taxonomy":"product_tag","embeddable":true,"href":"https:\/\/alaskaequipamentos.com.br\/index.php?rest_route=%2Fwp%2Fv2%2Fproduct_tag&post=4300"}],"curies":[{"name":"wp","href":"https:\/\/api.w.org\/{rel}","templated":true}]}}