{"id":4282,"date":"2023-06-06T03:05:58","date_gmt":"2023-06-06T03:05:58","guid":{"rendered":"https:\/\/alaskaequipamentos.com\/?post_type=product&#038;p=4282"},"modified":"2023-10-16T04:27:24","modified_gmt":"2023-10-16T04:27:24","slug":"forno-industrial-fclt10","status":"publish","type":"product","link":"https:\/\/alaskaequipamentos.com.br\/?product=forno-industrial-fclt10","title":{"rendered":"Forno Industrial Fclt10"},"content":{"rendered":"<p>Modelo: FCLT10<br \/>\nLinha: Ciclone<br \/>\nCor: Prata<br \/>\nVoltagem: 220V<br \/>\nQuantidade de esteiras: 10<br \/>\nPot\u00eancia do motor: 1\/2 Cv<br \/>\nConsumo total do motor: 0.38 kg\/h<br \/>\nMaterial da porta: A\u00e7o inox escovado<br \/>\nSuporte para esteiras: 58 x 68 cm<br \/>\nMaterial do suporte: A\u00e7o inox refor\u00e7ado<br \/>\nIsolamento t\u00e9rmico: L\u00e3 de rocha<br \/>\nMaterial da c\u00e2mara interna: A\u00e7o sae 1020 refor\u00e7ado<br \/>\nAcabamento: Pintura a p\u00f3 eletrost\u00e1tica<br \/>\nMaterial da porta da fornalha e grelha: Ferro fundido<br \/>\nGaveta coletora de cinzas: Sim<br \/>\nControle do sistema de vapor: V\u00e1lvula solen\u00f3ide<\/p>\n<p>Marca: Ven\u00e2ncio<br \/>\nConte\u00fado da embalagem: 1 Forno<br \/>\nDimens\u00f5es aproximadas do produto: 212 x 102 x 135 cm (A x L x P)<br \/>\nDimens\u00f5es aproximadas da embalagem: 220 x 117 x 150 cm (A x L x P)<br \/>\nPeso aproximado da embalagem: 382,4 Kg<\/p>\n","protected":false},"excerpt":{"rendered":"<p>Modelo: FCLT10 Linha: Ciclone Cor: Prata Voltagem: 220V Quantidade de esteiras: 10 Pot\u00eancia do motor: 1\/2 Cv Consumo total do motor: 0.38 kg\/h Material da&#8230;<\/p>\n","protected":false},"featured_media":5640,"comment_status":"open","ping_status":"closed","template":"","meta":[],"etheme_brands":[],"product_cat":[255,263],"product_tag":[],"class_list":{"0":"post-4282","1":"product","2":"type-product","3":"status-publish","4":"has-post-thumbnail","6":"product_cat-fogoes-fornos","7":"product_cat-forno-turbo","9":"first","10":"instock","11":"sold-individually","12":"shipping-taxable","13":"purchasable","14":"product-type-simple"},"_links":{"self":[{"href":"https:\/\/alaskaequipamentos.com.br\/index.php?rest_route=\/wp\/v2\/product\/4282","targetHints":{"allow":["GET"]}}],"collection":[{"href":"https:\/\/alaskaequipamentos.com.br\/index.php?rest_route=\/wp\/v2\/product"}],"about":[{"href":"https:\/\/alaskaequipamentos.com.br\/index.php?rest_route=\/wp\/v2\/types\/product"}],"replies":[{"embeddable":true,"href":"https:\/\/alaskaequipamentos.com.br\/index.php?rest_route=%2Fwp%2Fv2%2Fcomments&post=4282"}],"version-history":[{"count":1,"href":"https:\/\/alaskaequipamentos.com.br\/index.php?rest_route=\/wp\/v2\/product\/4282\/revisions"}],"predecessor-version":[{"id":4346,"href":"https:\/\/alaskaequipamentos.com.br\/index.php?rest_route=\/wp\/v2\/product\/4282\/revisions\/4346"}],"wp:featuredmedia":[{"embeddable":true,"href":"https:\/\/alaskaequipamentos.com.br\/index.php?rest_route=\/wp\/v2\/media\/5640"}],"wp:attachment":[{"href":"https:\/\/alaskaequipamentos.com.br\/index.php?rest_route=%2Fwp%2Fv2%2Fmedia&parent=4282"}],"wp:term":[{"taxonomy":"brand","embeddable":true,"href":"https:\/\/alaskaequipamentos.com.br\/index.php?rest_route=%2Fwp%2Fv2%2Fetheme_brands&post=4282"},{"taxonomy":"product_cat","embeddable":true,"href":"https:\/\/alaskaequipamentos.com.br\/index.php?rest_route=%2Fwp%2Fv2%2Fproduct_cat&post=4282"},{"taxonomy":"product_tag","embeddable":true,"href":"https:\/\/alaskaequipamentos.com.br\/index.php?rest_route=%2Fwp%2Fv2%2Fproduct_tag&post=4282"}],"curies":[{"name":"wp","href":"https:\/\/api.w.org\/{rel}","templated":true}]}}