{"id":4281,"date":"2023-06-06T03:05:57","date_gmt":"2023-06-06T03:05:57","guid":{"rendered":"https:\/\/alaskaequipamentos.com\/?post_type=product&#038;p=4281"},"modified":"2023-10-16T04:27:08","modified_gmt":"2023-10-16T04:27:08","slug":"forno-eletrico-fc4emv","status":"publish","type":"product","link":"https:\/\/alaskaequipamentos.com.br\/?product=forno-eletrico-fc4emv","title":{"rendered":"Forno El\u00e9trico Fc4emv"},"content":{"rendered":"<p>\u25a0 Acabamento interno e externo em inoxid\u00e1vel 430;<br \/>\n\u25a0 Produzido exclusivamente na tens\u00e3o de 220 V \/ monof\u00e1sico;<br \/>\n\u25a0 Isolamento t\u00e9rmico em l\u00e3 de rocha, com revestimento em alum\u00ednio craft;<br \/>\n\u25a0 Alarme sonoro e visual, ou seja, al\u00e9m do controlador apitar, tamb\u00e9m a l\u00e2mpada piscar\u00e1, indicando o final do processo de coc\u00e7\u00e3o;<br \/>\n\u25a0 O sensor da porta desligar\u00e1 o sistema de aquecimento e a vento\u00ednha, quando a mesma for aberta;<br \/>\n\u25a0 L\u00e2mpada interna com controle independente no controlador;<br \/>\n\u25a0 Controlador digital, com caracteres em led branco com controle de tempo e temperatura e fun\u00e7\u00e3o de armazenamento de at\u00e9 20 receitas;<br \/>\n\u25a0 C\u00e2mara interna e suporte das bandejas em a\u00e7o inoxid\u00e1vel;<br \/>\n\u25a0 Acompanha 4 bandejas perfuradas, de 35 x 35 cm, confeccionadas em alum\u00ednio;<br \/>\n\u25a0 Ma\u00e7aneta em alum\u00ednio acetinado;<br \/>\n\u25a0 P\u00e9s com regulagem de altura;<br \/>\n\u25a0 Suporte de bandejas remov\u00edveis, para facilitar a limpeza;<br \/>\n\u25a0 Porta com vidro duplo;<br \/>\n\u25a0 Temperatura m\u00e1xima de 230\u00baC;<br \/>\n\u25a0 Gratinador com controle independente;<br \/>\n\u25a0Capacidade 58 litros;<br \/>\n\u25a0 Equipamento para uso industrial e profissional;<\/p>\n","protected":false},"excerpt":{"rendered":"<p>\u25a0 Acabamento interno e externo em inoxid\u00e1vel 430; \u25a0 Produzido exclusivamente na tens\u00e3o de 220 V \/ monof\u00e1sico; \u25a0 Isolamento t\u00e9rmico em l\u00e3 de rocha,&#8230;<\/p>\n","protected":false},"featured_media":5641,"comment_status":"open","ping_status":"closed","template":"","meta":[],"etheme_brands":[],"product_cat":[255],"product_tag":[],"class_list":{"0":"post-4281","1":"product","2":"type-product","3":"status-publish","4":"has-post-thumbnail","6":"product_cat-fogoes-fornos","8":"first","9":"instock","10":"sold-individually","11":"shipping-taxable","12":"purchasable","13":"product-type-simple"},"_links":{"self":[{"href":"https:\/\/alaskaequipamentos.com.br\/index.php?rest_route=\/wp\/v2\/product\/4281","targetHints":{"allow":["GET"]}}],"collection":[{"href":"https:\/\/alaskaequipamentos.com.br\/index.php?rest_route=\/wp\/v2\/product"}],"about":[{"href":"https:\/\/alaskaequipamentos.com.br\/index.php?rest_route=\/wp\/v2\/types\/product"}],"replies":[{"embeddable":true,"href":"https:\/\/alaskaequipamentos.com.br\/index.php?rest_route=%2Fwp%2Fv2%2Fcomments&post=4281"}],"version-history":[{"count":1,"href":"https:\/\/alaskaequipamentos.com.br\/index.php?rest_route=\/wp\/v2\/product\/4281\/revisions"}],"predecessor-version":[{"id":4344,"href":"https:\/\/alaskaequipamentos.com.br\/index.php?rest_route=\/wp\/v2\/product\/4281\/revisions\/4344"}],"wp:featuredmedia":[{"embeddable":true,"href":"https:\/\/alaskaequipamentos.com.br\/index.php?rest_route=\/wp\/v2\/media\/5641"}],"wp:attachment":[{"href":"https:\/\/alaskaequipamentos.com.br\/index.php?rest_route=%2Fwp%2Fv2%2Fmedia&parent=4281"}],"wp:term":[{"taxonomy":"brand","embeddable":true,"href":"https:\/\/alaskaequipamentos.com.br\/index.php?rest_route=%2Fwp%2Fv2%2Fetheme_brands&post=4281"},{"taxonomy":"product_cat","embeddable":true,"href":"https:\/\/alaskaequipamentos.com.br\/index.php?rest_route=%2Fwp%2Fv2%2Fproduct_cat&post=4281"},{"taxonomy":"product_tag","embeddable":true,"href":"https:\/\/alaskaequipamentos.com.br\/index.php?rest_route=%2Fwp%2Fv2%2Fproduct_tag&post=4281"}],"curies":[{"name":"wp","href":"https:\/\/api.w.org\/{rel}","templated":true}]}}