{"id":4276,"date":"2023-06-06T03:05:52","date_gmt":"2023-06-06T03:05:52","guid":{"rendered":"https:\/\/alaskaequipamentos.com\/?post_type=product&#038;p=4276"},"modified":"2023-10-16T04:26:20","modified_gmt":"2023-10-16T04:26:20","slug":"forno-baixa-pressao-grand","status":"publish","type":"product","link":"https:\/\/alaskaequipamentos.com.br\/?product=forno-baixa-pressao-grand","title":{"rendered":"Forno Baixa Press\u00e3o Grand"},"content":{"rendered":"<p>Informa\u00e7\u00f5es T\u00e9cnicas<\/p>\n<p>Fornos Avulsos (altura x frente x profundidade)<\/p>\n<p>Pequeno: 28 x 48 x 36 cm &#8211; 48 Litros<\/p>\n<p>Extra M\u00e9dio: 28 x 48 x 48 cm &#8211; 65 Litros<\/p>\n<p>M\u00e9dio: 28 x 48 x 567 cm &#8211; 87 Litros<\/p>\n<p>Grande: 28 x 48 x 73 cm &#8211; 98 Litros<\/p>\n<p>Extra Grande Super: 28 x 62 x 73 cm &#8211; 127 Litros<\/p>\n","protected":false},"excerpt":{"rendered":"<p>Informa\u00e7\u00f5es T\u00e9cnicas Fornos Avulsos (altura x frente x profundidade) Pequeno: 28 x 48 x 36 cm &#8211; 48 Litros Extra M\u00e9dio: 28 x 48 x&#8230;<\/p>\n","protected":false},"featured_media":5644,"comment_status":"open","ping_status":"closed","template":"","meta":[],"etheme_brands":[],"product_cat":[259,255],"product_tag":[],"class_list":{"0":"post-4276","1":"product","2":"type-product","3":"status-publish","4":"has-post-thumbnail","6":"product_cat-fogoes-de-baixa-pressao","7":"product_cat-fogoes-fornos","9":"first","10":"instock","11":"sold-individually","12":"shipping-taxable","13":"purchasable","14":"product-type-simple"},"_links":{"self":[{"href":"https:\/\/alaskaequipamentos.com.br\/index.php?rest_route=\/wp\/v2\/product\/4276","targetHints":{"allow":["GET"]}}],"collection":[{"href":"https:\/\/alaskaequipamentos.com.br\/index.php?rest_route=\/wp\/v2\/product"}],"about":[{"href":"https:\/\/alaskaequipamentos.com.br\/index.php?rest_route=\/wp\/v2\/types\/product"}],"replies":[{"embeddable":true,"href":"https:\/\/alaskaequipamentos.com.br\/index.php?rest_route=%2Fwp%2Fv2%2Fcomments&post=4276"}],"version-history":[{"count":1,"href":"https:\/\/alaskaequipamentos.com.br\/index.php?rest_route=\/wp\/v2\/product\/4276\/revisions"}],"predecessor-version":[{"id":4338,"href":"https:\/\/alaskaequipamentos.com.br\/index.php?rest_route=\/wp\/v2\/product\/4276\/revisions\/4338"}],"wp:featuredmedia":[{"embeddable":true,"href":"https:\/\/alaskaequipamentos.com.br\/index.php?rest_route=\/wp\/v2\/media\/5644"}],"wp:attachment":[{"href":"https:\/\/alaskaequipamentos.com.br\/index.php?rest_route=%2Fwp%2Fv2%2Fmedia&parent=4276"}],"wp:term":[{"taxonomy":"brand","embeddable":true,"href":"https:\/\/alaskaequipamentos.com.br\/index.php?rest_route=%2Fwp%2Fv2%2Fetheme_brands&post=4276"},{"taxonomy":"product_cat","embeddable":true,"href":"https:\/\/alaskaequipamentos.com.br\/index.php?rest_route=%2Fwp%2Fv2%2Fproduct_cat&post=4276"},{"taxonomy":"product_tag","embeddable":true,"href":"https:\/\/alaskaequipamentos.com.br\/index.php?rest_route=%2Fwp%2Fv2%2Fproduct_tag&post=4276"}],"curies":[{"name":"wp","href":"https:\/\/api.w.org\/{rel}","templated":true}]}}