{"id":4275,"date":"2023-06-06T03:05:51","date_gmt":"2023-06-06T03:05:51","guid":{"rendered":"https:\/\/alaskaequipamentos.com\/?post_type=product&#038;p=4275"},"modified":"2023-10-16T04:26:53","modified_gmt":"2023-10-16T04:26:53","slug":"forno-baixa-pressao-pequeno","status":"publish","type":"product","link":"https:\/\/alaskaequipamentos.com.br\/?product=forno-baixa-pressao-pequeno","title":{"rendered":"Forno Baixa Press\u00e3o Pequeno"},"content":{"rendered":"<p>Informa\u00e7\u00f5es T\u00e9cnicas<\/p>\n<p>Fornos Avulsos (altura x frente x profundidade)<\/p>\n<p>Pequeno: 28 x 48 x 36 cm &#8211; 48 Litros<\/p>\n<p>Extra M\u00e9dio: 28 x 48 x 48 cm &#8211; 65 Litros<\/p>\n<p>M\u00e9dio: 28 x 48 x 567 cm &#8211; 87 Litros<\/p>\n<p>Grande: 28 x 48 x 73 cm &#8211; 98 Litros<\/p>\n<p>Extra Grande Super: 28 x 62 x 73 cm &#8211; 127 Litros<\/p>\n","protected":false},"excerpt":{"rendered":"<p>Informa\u00e7\u00f5es T\u00e9cnicas Fornos Avulsos (altura x frente x profundidade) Pequeno: 28 x 48 x 36 cm &#8211; 48 Litros Extra M\u00e9dio: 28 x 48 x&#8230;<\/p>\n","protected":false},"featured_media":5642,"comment_status":"open","ping_status":"closed","template":"","meta":[],"etheme_brands":[],"product_cat":[259,255,262],"product_tag":[],"class_list":{"0":"post-4275","1":"product","2":"type-product","3":"status-publish","4":"has-post-thumbnail","6":"product_cat-fogoes-de-baixa-pressao","7":"product_cat-fogoes-fornos","8":"product_cat-forno-para-fogao","10":"first","11":"instock","12":"sold-individually","13":"shipping-taxable","14":"purchasable","15":"product-type-simple"},"_links":{"self":[{"href":"https:\/\/alaskaequipamentos.com.br\/index.php?rest_route=\/wp\/v2\/product\/4275","targetHints":{"allow":["GET"]}}],"collection":[{"href":"https:\/\/alaskaequipamentos.com.br\/index.php?rest_route=\/wp\/v2\/product"}],"about":[{"href":"https:\/\/alaskaequipamentos.com.br\/index.php?rest_route=\/wp\/v2\/types\/product"}],"replies":[{"embeddable":true,"href":"https:\/\/alaskaequipamentos.com.br\/index.php?rest_route=%2Fwp%2Fv2%2Fcomments&post=4275"}],"version-history":[{"count":1,"href":"https:\/\/alaskaequipamentos.com.br\/index.php?rest_route=\/wp\/v2\/product\/4275\/revisions"}],"predecessor-version":[{"id":4336,"href":"https:\/\/alaskaequipamentos.com.br\/index.php?rest_route=\/wp\/v2\/product\/4275\/revisions\/4336"}],"wp:featuredmedia":[{"embeddable":true,"href":"https:\/\/alaskaequipamentos.com.br\/index.php?rest_route=\/wp\/v2\/media\/5642"}],"wp:attachment":[{"href":"https:\/\/alaskaequipamentos.com.br\/index.php?rest_route=%2Fwp%2Fv2%2Fmedia&parent=4275"}],"wp:term":[{"taxonomy":"brand","embeddable":true,"href":"https:\/\/alaskaequipamentos.com.br\/index.php?rest_route=%2Fwp%2Fv2%2Fetheme_brands&post=4275"},{"taxonomy":"product_cat","embeddable":true,"href":"https:\/\/alaskaequipamentos.com.br\/index.php?rest_route=%2Fwp%2Fv2%2Fproduct_cat&post=4275"},{"taxonomy":"product_tag","embeddable":true,"href":"https:\/\/alaskaequipamentos.com.br\/index.php?rest_route=%2Fwp%2Fv2%2Fproduct_tag&post=4275"}],"curies":[{"name":"wp","href":"https:\/\/api.w.org\/{rel}","templated":true}]}}