{"id":4272,"date":"2023-06-06T03:05:49","date_gmt":"2023-06-06T03:05:49","guid":{"rendered":"https:\/\/alaskaequipamentos.com\/?post_type=product&#038;p=4272"},"modified":"2023-10-16T04:17:36","modified_gmt":"2023-10-16T04:17:36","slug":"forno-alta-pressao","status":"publish","type":"product","link":"https:\/\/alaskaequipamentos.com.br\/?product=forno-alta-pressao","title":{"rendered":"Forno Alta Press\u00e3o"},"content":{"rendered":"<p>Produto\tForno de Bancada<br \/>\nCapacidade\t90,00 L<br \/>\nAlimenta\u00e7\u00e3o\ta G\u00e1s<br \/>\nMarca\tJL Artesanatos<br \/>\nAltura\t75,00 cm<br \/>\nLargura\t50,00 cm<br \/>\nProfundidade\t67,00 cm<br \/>\nCor\tCinza<br \/>\nPeso do Produto\t38,00 Kg<br \/>\nProduto Acompanha Embalagem\tSim<br \/>\nTipo de Embalagem\tCaixa<br \/>\nTipo de Instala\u00e7\u00e3o\tSemi Encaixe<\/p>\n","protected":false},"excerpt":{"rendered":"<p>Produto Forno de Bancada Capacidade 90,00 L Alimenta\u00e7\u00e3o a G\u00e1s Marca JL Artesanatos Altura 75,00 cm Largura 50,00 cm Profundidade 67,00 cm Cor Cinza Peso&#8230;<\/p>\n","protected":false},"featured_media":5637,"comment_status":"open","ping_status":"closed","template":"","meta":[],"etheme_brands":[],"product_cat":[255,262],"product_tag":[],"class_list":{"0":"post-4272","1":"product","2":"type-product","3":"status-publish","4":"has-post-thumbnail","6":"product_cat-fogoes-fornos","7":"product_cat-forno-para-fogao","9":"first","10":"instock","11":"sold-individually","12":"shipping-taxable","13":"purchasable","14":"product-type-simple"},"_links":{"self":[{"href":"https:\/\/alaskaequipamentos.com.br\/index.php?rest_route=\/wp\/v2\/product\/4272","targetHints":{"allow":["GET"]}}],"collection":[{"href":"https:\/\/alaskaequipamentos.com.br\/index.php?rest_route=\/wp\/v2\/product"}],"about":[{"href":"https:\/\/alaskaequipamentos.com.br\/index.php?rest_route=\/wp\/v2\/types\/product"}],"replies":[{"embeddable":true,"href":"https:\/\/alaskaequipamentos.com.br\/index.php?rest_route=%2Fwp%2Fv2%2Fcomments&post=4272"}],"version-history":[{"count":1,"href":"https:\/\/alaskaequipamentos.com.br\/index.php?rest_route=\/wp\/v2\/product\/4272\/revisions"}],"predecessor-version":[{"id":4323,"href":"https:\/\/alaskaequipamentos.com.br\/index.php?rest_route=\/wp\/v2\/product\/4272\/revisions\/4323"}],"wp:featuredmedia":[{"embeddable":true,"href":"https:\/\/alaskaequipamentos.com.br\/index.php?rest_route=\/wp\/v2\/media\/5637"}],"wp:attachment":[{"href":"https:\/\/alaskaequipamentos.com.br\/index.php?rest_route=%2Fwp%2Fv2%2Fmedia&parent=4272"}],"wp:term":[{"taxonomy":"brand","embeddable":true,"href":"https:\/\/alaskaequipamentos.com.br\/index.php?rest_route=%2Fwp%2Fv2%2Fetheme_brands&post=4272"},{"taxonomy":"product_cat","embeddable":true,"href":"https:\/\/alaskaequipamentos.com.br\/index.php?rest_route=%2Fwp%2Fv2%2Fproduct_cat&post=4272"},{"taxonomy":"product_tag","embeddable":true,"href":"https:\/\/alaskaequipamentos.com.br\/index.php?rest_route=%2Fwp%2Fv2%2Fproduct_tag&post=4272"}],"curies":[{"name":"wp","href":"https:\/\/api.w.org\/{rel}","templated":true}]}}