{"id":4261,"date":"2023-06-06T03:05:21","date_gmt":"2023-06-06T03:05:21","guid":{"rendered":"https:\/\/alaskaequipamentos.com\/?post_type=product&#038;p=4261"},"modified":"2023-10-16T04:17:21","modified_gmt":"2023-10-16T04:17:21","slug":"forno-a-gas-firiv-80","status":"publish","type":"product","link":"https:\/\/alaskaequipamentos.com.br\/?product=forno-a-gas-firiv-80","title":{"rendered":"Forno a G\u00e1s Firiv 80"},"content":{"rendered":"<p>&#8211; Equipamento de acordo com portaria 446 do inmetro..<br \/>\n&#8211; Sistema para abertura do vidro tipo Guilhotina com acabamento em pintura a p\u00f3 eletrost\u00e1tica com base fosfatizada.<br \/>\n&#8211; Queimador com sistema de gaveta, em a\u00e7o tubular com regulador de entrada de ar..<br \/>\n&#8211; Lateral, frente e teto externa em a\u00e7o In\u00f3x.<br \/>\n&#8211; 2 Pedra refrat\u00e1ria que armazena o calor.<br \/>\n&#8211; Bandeja coletora de res\u00edduos em chapa galvanizada.<br \/>\n&#8211; C\u00e2mara com 3 trilhos de apoio para regulagem de altura da grelha.<br \/>\n&#8211; Acompanha uma grelha refor\u00e7ada por c\u00e2mara.<br \/>\n&#8211; Cavalete refor\u00e7ado em a\u00e7o carbono com acabamento em pintura a p\u00f3 eletrost\u00e1tica com base fosfatizada.<br \/>\n&#8211; Revestimento interno em a\u00e7o galvanizado<br \/>\n&#8211; Isolamento em l\u00e3 de rocha<br \/>\n&#8211; Term\u00f4metro na lateral forno.<br \/>\n&#8211; Peso L\u00edquido \u2013 74 Kg<br \/>\n&#8211; Peso Bruto \u2013 78 Kg<br \/>\n&#8211; Consumo 0,800 Kg\/h \u2013 g\u00e1s GLP + 0,240 Kg\/h por gratinador<br \/>\n&#8211; Medidas internas: 25 cm A x 45 cm L x 80 cm P<br \/>\n&#8211; Medidas totais: 125cm A x 57,5cm L x 82cm P<br \/>\n&#8211; Medidas com a embalagem: 68cm A x 72cm L x 92cm PADRONIZAR<\/p>\n","protected":false},"excerpt":{"rendered":"<p>&#8211; Equipamento de acordo com portaria 446 do inmetro.. &#8211; Sistema para abertura do vidro tipo Guilhotina com acabamento em pintura a p\u00f3 eletrost\u00e1tica com&#8230;<\/p>\n","protected":false},"featured_media":5638,"comment_status":"open","ping_status":"closed","template":"","meta":[],"etheme_brands":[],"product_cat":[255],"product_tag":[],"class_list":{"0":"post-4261","1":"product","2":"type-product","3":"status-publish","4":"has-post-thumbnail","6":"product_cat-fogoes-fornos","8":"first","9":"instock","10":"sold-individually","11":"shipping-taxable","12":"purchasable","13":"product-type-simple"},"_links":{"self":[{"href":"https:\/\/alaskaequipamentos.com.br\/index.php?rest_route=\/wp\/v2\/product\/4261","targetHints":{"allow":["GET"]}}],"collection":[{"href":"https:\/\/alaskaequipamentos.com.br\/index.php?rest_route=\/wp\/v2\/product"}],"about":[{"href":"https:\/\/alaskaequipamentos.com.br\/index.php?rest_route=\/wp\/v2\/types\/product"}],"replies":[{"embeddable":true,"href":"https:\/\/alaskaequipamentos.com.br\/index.php?rest_route=%2Fwp%2Fv2%2Fcomments&post=4261"}],"version-history":[{"count":1,"href":"https:\/\/alaskaequipamentos.com.br\/index.php?rest_route=\/wp\/v2\/product\/4261\/revisions"}],"predecessor-version":[{"id":4315,"href":"https:\/\/alaskaequipamentos.com.br\/index.php?rest_route=\/wp\/v2\/product\/4261\/revisions\/4315"}],"wp:featuredmedia":[{"embeddable":true,"href":"https:\/\/alaskaequipamentos.com.br\/index.php?rest_route=\/wp\/v2\/media\/5638"}],"wp:attachment":[{"href":"https:\/\/alaskaequipamentos.com.br\/index.php?rest_route=%2Fwp%2Fv2%2Fmedia&parent=4261"}],"wp:term":[{"taxonomy":"brand","embeddable":true,"href":"https:\/\/alaskaequipamentos.com.br\/index.php?rest_route=%2Fwp%2Fv2%2Fetheme_brands&post=4261"},{"taxonomy":"product_cat","embeddable":true,"href":"https:\/\/alaskaequipamentos.com.br\/index.php?rest_route=%2Fwp%2Fv2%2Fproduct_cat&post=4261"},{"taxonomy":"product_tag","embeddable":true,"href":"https:\/\/alaskaequipamentos.com.br\/index.php?rest_route=%2Fwp%2Fv2%2Fproduct_tag&post=4261"}],"curies":[{"name":"wp","href":"https:\/\/api.w.org\/{rel}","templated":true}]}}