{"id":4209,"date":"2023-06-06T03:02:15","date_gmt":"2023-06-06T03:02:15","guid":{"rendered":"https:\/\/alaskaequipamentos.com\/?post_type=product&#038;p=4209"},"modified":"2023-09-11T12:05:35","modified_gmt":"2023-09-11T12:05:35","slug":"moedor-de-carne-bmc-10","status":"publish","type":"product","link":"https:\/\/alaskaequipamentos.com.br\/?product=moedor-de-carne-bmc-10","title":{"rendered":"Moedor de carne BMC 10"},"content":{"rendered":"<p>Informa\u00e7\u00f5es T\u00e9cnicas<br \/>\n&#8211; Modelo: BMC-10\/1 G2<br \/>\n&#8211; Motor monof\u00e1sico bivolt de 1\/2 CV e 600 W de pot\u00eancia<br \/>\n&#8211; Consumo m\u00e9dio de 0,6 kW\/h<br \/>\n&#8211; Bocal 10<br \/>\n&#8211; Estrutura e bandeja em a\u00e7o inox escovado<br \/>\n&#8211; Caixa de engrenagem imersa em \u00f3leo<br \/>\n&#8211; Chave liga\/desliga com capa protetora de silicone<br \/>\n&#8211; Socador de polipropileno<br \/>\n&#8211; Transmiss\u00e3o por caixa de redu\u00e7\u00e3o<br \/>\n&#8211; Peso: 32 kg<\/p>\n<p>Medidas<br \/>\n&#8211; Altura: 34 cm<br \/>\n&#8211; Largura: 29 cm<br \/>\n&#8211; Profundidade: 69 cm<\/p>\n","protected":false},"excerpt":{"rendered":"<p>Informa\u00e7\u00f5es T\u00e9cnicas &#8211; Modelo: BMC-10\/1 G2 &#8211; Motor monof\u00e1sico bivolt de 1\/2 CV e 600 W de pot\u00eancia &#8211; Consumo m\u00e9dio de 0,6 kW\/h &#8211;&#8230;<\/p>\n","protected":false},"featured_media":5381,"comment_status":"open","ping_status":"closed","template":"","meta":[],"etheme_brands":[],"product_cat":[15],"product_tag":[],"class_list":{"0":"post-4209","1":"product","2":"type-product","3":"status-publish","4":"has-post-thumbnail","6":"product_cat-promocoes","8":"first","9":"instock","10":"sold-individually","11":"shipping-taxable","12":"purchasable","13":"product-type-simple"},"_links":{"self":[{"href":"https:\/\/alaskaequipamentos.com.br\/index.php?rest_route=\/wp\/v2\/product\/4209","targetHints":{"allow":["GET"]}}],"collection":[{"href":"https:\/\/alaskaequipamentos.com.br\/index.php?rest_route=\/wp\/v2\/product"}],"about":[{"href":"https:\/\/alaskaequipamentos.com.br\/index.php?rest_route=\/wp\/v2\/types\/product"}],"replies":[{"embeddable":true,"href":"https:\/\/alaskaequipamentos.com.br\/index.php?rest_route=%2Fwp%2Fv2%2Fcomments&post=4209"}],"version-history":[{"count":1,"href":"https:\/\/alaskaequipamentos.com.br\/index.php?rest_route=\/wp\/v2\/product\/4209\/revisions"}],"predecessor-version":[{"id":4234,"href":"https:\/\/alaskaequipamentos.com.br\/index.php?rest_route=\/wp\/v2\/product\/4209\/revisions\/4234"}],"wp:featuredmedia":[{"embeddable":true,"href":"https:\/\/alaskaequipamentos.com.br\/index.php?rest_route=\/wp\/v2\/media\/5381"}],"wp:attachment":[{"href":"https:\/\/alaskaequipamentos.com.br\/index.php?rest_route=%2Fwp%2Fv2%2Fmedia&parent=4209"}],"wp:term":[{"taxonomy":"brand","embeddable":true,"href":"https:\/\/alaskaequipamentos.com.br\/index.php?rest_route=%2Fwp%2Fv2%2Fetheme_brands&post=4209"},{"taxonomy":"product_cat","embeddable":true,"href":"https:\/\/alaskaequipamentos.com.br\/index.php?rest_route=%2Fwp%2Fv2%2Fproduct_cat&post=4209"},{"taxonomy":"product_tag","embeddable":true,"href":"https:\/\/alaskaequipamentos.com.br\/index.php?rest_route=%2Fwp%2Fv2%2Fproduct_tag&post=4209"}],"curies":[{"name":"wp","href":"https:\/\/api.w.org\/{rel}","templated":true}]}}